{"id":10041,"date":"2023-05-17T11:34:02","date_gmt":"2023-05-17T08:34:02","guid":{"rendered":"https:\/\/artimeks.com.tr\/?page_id=10041"},"modified":"2023-05-26T17:01:40","modified_gmt":"2023-05-26T14:01:40","slug":"delici-sarf-malzemeleri","status":"publish","type":"page","link":"https:\/\/artimeks.com.tr\/?page_id=10041","title":{"rendered":"Delici Sarf Malzemeleri"},"content":{"rendered":"\t\t<div data-elementor-type=\"wp-page\" data-elementor-id=\"10041\" class=\"elementor elementor-10041\" data-elementor-post-type=\"page\">\n\t\t\t\t\t\t\t\t\t<section class=\"elementor-section elementor-top-section elementor-element elementor-element-4ba7411 elementor-section-boxed elementor-section-height-default elementor-section-height-default\" data-id=\"4ba7411\" data-element_type=\"section\">\n\t\t\t\t\t\t<div class=\"elementor-container elementor-column-gap-default\">\n\t\t\t\t\t<div class=\"elementor-column elementor-col-33 elementor-top-column elementor-element elementor-element-9789d73\" data-id=\"9789d73\" data-element_type=\"column\">\n\t\t\t<div class=\"elementor-widget-wrap elementor-element-populated\">\n\t\t\t\t\t\t\t\t<div class=\"elementor-element elementor-element-747e8c9 elementor-widget elementor-widget-image\" data-id=\"747e8c9\" data-element_type=\"widget\" data-widget_type=\"image.default\">\n\t\t\t\t<div class=\"elementor-widget-container\">\n\t\t\t<style>\/*! elementor - v3.18.0 - 08-12-2023 *\/\n.elementor-widget-image{text-align:center}.elementor-widget-image a{display:inline-block}.elementor-widget-image a img[src$=\".svg\"]{width:48px}.elementor-widget-image img{vertical-align:middle;display:inline-block}<\/style>\t\t\t\t\t\t\t\t\t\t\t\t<img fetchpriority=\"high\" decoding=\"async\" width=\"300\" height=\"180\" src=\"https:\/\/i0.wp.com\/artimeks.com.tr\/wp-content\/uploads\/2023\/05\/1-1.png?fit=300%2C180&amp;ssl=1\" class=\"attachment-large size-large wp-image-10346\" alt=\"\" srcset=\"https:\/\/i0.wp.com\/artimeks.com.tr\/wp-content\/uploads\/2023\/05\/1-1.png?w=300&amp;ssl=1 300w, https:\/\/i0.wp.com\/artimeks.com.tr\/wp-content\/uploads\/2023\/05\/1-1.png?resize=255%2C153&amp;ssl=1 255w, https:\/\/i0.wp.com\/artimeks.com.tr\/wp-content\/uploads\/2023\/05\/1-1.png?resize=285%2C171&amp;ssl=1 285w, https:\/\/i0.wp.com\/artimeks.com.tr\/wp-content\/uploads\/2023\/05\/1-1.png?resize=150%2C90&amp;ssl=1 150w\" sizes=\"(max-width: 300px) 100vw, 300px\" \/>\t\t\t\t\t\t\t\t\t\t\t\t\t\t\t<\/div>\n\t\t\t\t<\/div>\n\t\t\t\t\t<\/div>\n\t\t<\/div>\n\t\t\t\t<div class=\"elementor-column elementor-col-33 elementor-top-column elementor-element elementor-element-106630f\" data-id=\"106630f\" data-element_type=\"column\">\n\t\t\t<div class=\"elementor-widget-wrap elementor-element-populated\">\n\t\t\t\t\t\t\t\t<div class=\"elementor-element elementor-element-2cf0370 elementor-widget elementor-widget-image\" data-id=\"2cf0370\" data-element_type=\"widget\" data-widget_type=\"image.default\">\n\t\t\t\t<div class=\"elementor-widget-container\">\n\t\t\t\t\t\t\t\t\t\t\t\t\t\t\t<img decoding=\"async\" width=\"300\" height=\"180\" src=\"https:\/\/i0.wp.com\/artimeks.com.tr\/wp-content\/uploads\/2023\/05\/2.png?fit=300%2C180&amp;ssl=1\" class=\"attachment-large size-large wp-image-10347\" alt=\"\" srcset=\"https:\/\/i0.wp.com\/artimeks.com.tr\/wp-content\/uploads\/2023\/05\/2.png?w=300&amp;ssl=1 300w, https:\/\/i0.wp.com\/artimeks.com.tr\/wp-content\/uploads\/2023\/05\/2.png?resize=255%2C153&amp;ssl=1 255w, https:\/\/i0.wp.com\/artimeks.com.tr\/wp-content\/uploads\/2023\/05\/2.png?resize=285%2C171&amp;ssl=1 285w, https:\/\/i0.wp.com\/artimeks.com.tr\/wp-content\/uploads\/2023\/05\/2.png?resize=150%2C90&amp;ssl=1 150w\" sizes=\"(max-width: 300px) 100vw, 300px\" \/>\t\t\t\t\t\t\t\t\t\t\t\t\t\t\t<\/div>\n\t\t\t\t<\/div>\n\t\t\t\t\t<\/div>\n\t\t<\/div>\n\t\t\t\t<div class=\"elementor-column elementor-col-33 elementor-top-column elementor-element elementor-element-d9652b5\" data-id=\"d9652b5\" data-element_type=\"column\">\n\t\t\t<div class=\"elementor-widget-wrap elementor-element-populated\">\n\t\t\t\t\t\t\t\t<div class=\"elementor-element elementor-element-f1d287e elementor-widget elementor-widget-image\" data-id=\"f1d287e\" data-element_type=\"widget\" data-widget_type=\"image.default\">\n\t\t\t\t<div class=\"elementor-widget-container\">\n\t\t\t\t\t\t\t\t\t\t\t\t\t\t\t<img decoding=\"async\" width=\"300\" height=\"180\" src=\"https:\/\/i0.wp.com\/artimeks.com.tr\/wp-content\/uploads\/2023\/05\/3.png?fit=300%2C180&amp;ssl=1\" class=\"attachment-large size-large wp-image-10348\" alt=\"\" srcset=\"https:\/\/i0.wp.com\/artimeks.com.tr\/wp-content\/uploads\/2023\/05\/3.png?w=300&amp;ssl=1 300w, https:\/\/i0.wp.com\/artimeks.com.tr\/wp-content\/uploads\/2023\/05\/3.png?resize=255%2C153&amp;ssl=1 255w, https:\/\/i0.wp.com\/artimeks.com.tr\/wp-content\/uploads\/2023\/05\/3.png?resize=285%2C171&amp;ssl=1 285w, https:\/\/i0.wp.com\/artimeks.com.tr\/wp-content\/uploads\/2023\/05\/3.png?resize=150%2C90&amp;ssl=1 150w\" sizes=\"(max-width: 300px) 100vw, 300px\" \/>\t\t\t\t\t\t\t\t\t\t\t\t\t\t\t<\/div>\n\t\t\t\t<\/div>\n\t\t\t\t\t<\/div>\n\t\t<\/div>\n\t\t\t\t\t\t\t<\/div>\n\t\t<\/section>\n\t\t\t\t<section class=\"elementor-section elementor-top-section elementor-element elementor-element-91511c9 elementor-section-boxed elementor-section-height-default elementor-section-height-default\" data-id=\"91511c9\" data-element_type=\"section\">\n\t\t\t\t\t\t<div class=\"elementor-container elementor-column-gap-default\">\n\t\t\t\t\t<div class=\"elementor-column elementor-col-33 elementor-top-column elementor-element elementor-element-501a3fd\" data-id=\"501a3fd\" data-element_type=\"column\">\n\t\t\t<div class=\"elementor-widget-wrap elementor-element-populated\">\n\t\t\t\t\t\t\t\t<div class=\"elementor-element elementor-element-a9a2f0d elementor-widget elementor-widget-image\" data-id=\"a9a2f0d\" data-element_type=\"widget\" data-widget_type=\"image.default\">\n\t\t\t\t<div class=\"elementor-widget-container\">\n\t\t\t\t\t\t\t\t\t\t\t\t\t\t\t<img loading=\"lazy\" decoding=\"async\" width=\"300\" height=\"180\" src=\"https:\/\/i0.wp.com\/artimeks.com.tr\/wp-content\/uploads\/2023\/05\/4.png?fit=300%2C180&amp;ssl=1\" class=\"attachment-large size-large wp-image-10349\" alt=\"\" srcset=\"https:\/\/i0.wp.com\/artimeks.com.tr\/wp-content\/uploads\/2023\/05\/4.png?w=300&amp;ssl=1 300w, https:\/\/i0.wp.com\/artimeks.com.tr\/wp-content\/uploads\/2023\/05\/4.png?resize=255%2C153&amp;ssl=1 255w, https:\/\/i0.wp.com\/artimeks.com.tr\/wp-content\/uploads\/2023\/05\/4.png?resize=285%2C171&amp;ssl=1 285w, https:\/\/i0.wp.com\/artimeks.com.tr\/wp-content\/uploads\/2023\/05\/4.png?resize=150%2C90&amp;ssl=1 150w\" sizes=\"(max-width: 300px) 100vw, 300px\" \/>\t\t\t\t\t\t\t\t\t\t\t\t\t\t\t<\/div>\n\t\t\t\t<\/div>\n\t\t\t\t\t<\/div>\n\t\t<\/div>\n\t\t\t\t<div class=\"elementor-column elementor-col-33 elementor-top-column elementor-element elementor-element-23b1e3b\" data-id=\"23b1e3b\" data-element_type=\"column\">\n\t\t\t<div class=\"elementor-widget-wrap elementor-element-populated\">\n\t\t\t\t\t\t\t\t<div class=\"elementor-element elementor-element-a798905 elementor-widget elementor-widget-image\" data-id=\"a798905\" data-element_type=\"widget\" data-widget_type=\"image.default\">\n\t\t\t\t<div class=\"elementor-widget-container\">\n\t\t\t\t\t\t\t\t\t\t\t\t\t\t\t<img loading=\"lazy\" decoding=\"async\" width=\"300\" height=\"180\" src=\"https:\/\/i0.wp.com\/artimeks.com.tr\/wp-content\/uploads\/2023\/05\/5.png?fit=300%2C180&amp;ssl=1\" class=\"attachment-large size-large wp-image-10350\" alt=\"\" srcset=\"https:\/\/i0.wp.com\/artimeks.com.tr\/wp-content\/uploads\/2023\/05\/5.png?w=300&amp;ssl=1 300w, https:\/\/i0.wp.com\/artimeks.com.tr\/wp-content\/uploads\/2023\/05\/5.png?resize=255%2C153&amp;ssl=1 255w, https:\/\/i0.wp.com\/artimeks.com.tr\/wp-content\/uploads\/2023\/05\/5.png?resize=285%2C171&amp;ssl=1 285w, https:\/\/i0.wp.com\/artimeks.com.tr\/wp-content\/uploads\/2023\/05\/5.png?resize=150%2C90&amp;ssl=1 150w\" sizes=\"(max-width: 300px) 100vw, 300px\" \/>\t\t\t\t\t\t\t\t\t\t\t\t\t\t\t<\/div>\n\t\t\t\t<\/div>\n\t\t\t\t\t<\/div>\n\t\t<\/div>\n\t\t\t\t<div class=\"elementor-column elementor-col-33 elementor-top-column elementor-element elementor-element-1dbb813\" data-id=\"1dbb813\" data-element_type=\"column\">\n\t\t\t<div class=\"elementor-widget-wrap elementor-element-populated\">\n\t\t\t\t\t\t\t\t<div class=\"elementor-element elementor-element-264d953 elementor-widget elementor-widget-image\" data-id=\"264d953\" data-element_type=\"widget\" data-widget_type=\"image.default\">\n\t\t\t\t<div class=\"elementor-widget-container\">\n\t\t\t\t\t\t\t\t\t\t\t\t\t\t\t<img loading=\"lazy\" decoding=\"async\" width=\"300\" height=\"180\" src=\"https:\/\/i0.wp.com\/artimeks.com.tr\/wp-content\/uploads\/2023\/05\/2133.png?fit=300%2C180&amp;ssl=1\" class=\"attachment-large size-large wp-image-10356\" alt=\"\" srcset=\"https:\/\/i0.wp.com\/artimeks.com.tr\/wp-content\/uploads\/2023\/05\/2133.png?w=300&amp;ssl=1 300w, https:\/\/i0.wp.com\/artimeks.com.tr\/wp-content\/uploads\/2023\/05\/2133.png?resize=255%2C153&amp;ssl=1 255w, https:\/\/i0.wp.com\/artimeks.com.tr\/wp-content\/uploads\/2023\/05\/2133.png?resize=285%2C171&amp;ssl=1 285w, https:\/\/i0.wp.com\/artimeks.com.tr\/wp-content\/uploads\/2023\/05\/2133.png?resize=150%2C90&amp;ssl=1 150w\" sizes=\"(max-width: 300px) 100vw, 300px\" \/>\t\t\t\t\t\t\t\t\t\t\t\t\t\t\t<\/div>\n\t\t\t\t<\/div>\n\t\t\t\t\t<\/div>\n\t\t<\/div>\n\t\t\t\t\t\t\t<\/div>\n\t\t<\/section>\n\t\t\t\t\t\t\t<\/div>\n\t\t","protected":false},"excerpt":{"rendered":"","protected":false},"author":1,"featured_media":0,"parent":0,"menu_order":0,"comment_status":"closed","ping_status":"closed","template":"","meta":{"footnotes":""},"class_list":["post-10041","page","type-page","status-publish","hentry"],"aioseo_notices":[],"jetpack_sharing_enabled":true,"jetpack-related-posts":[{"id":10108,"url":"https:\/\/artimeks.com.tr\/?page_id=10108","url_meta":{"origin":10041,"position":0},"title":"Mini Ekskavat\u00f6r &#8211; CARTER\u00a0CT 10","author":"artimeks","date":"17 May\u0131s 2023","format":false,"excerpt":"Previous Next CARTER CT 10 Verimli ve g\u00fcvenilir YANMAR motorBasit ve g\u00fcvenilir, d\u00fc\u015f\u00fck yak\u0131t t\u00fcketimi, istikrarl\u0131 \u00e7al\u0131\u015fma ve y\u00fcksek yanma verimlili\u011fiDar \u00e7al\u0131\u015fma i\u00e7in uygun y\u00f6nlendirme bomuKolay bak\u0131m & y\u00f6nlendirmeTOPS & FOPS KabinT\u00fcm ata\u015fmanlara uygun yap\u0131D\u00fc\u015f\u00fck titre\u015fim Videoyu \u0130zle Teknik \u00d6zellikler \u00c7al\u0131\u015fma A\u011f\u0131rl\u0131\u011f\u0131890 kgKova Kapasitesi0.022Motor ModeliEuro VNominal G\u00fc\u00e77.0\/3000(kw\/r\/minMaksimum Ak\u0131\u015f19.2(L\/min)\u00c7al\u0131\u015fma Bas\u0131nc\u013116(Mpa)Zemin Bas\u0131nc\u013128(kpa)Yak\u0131t\u2026","rel":"","context":"Benzer yaz\u0131","block_context":{"text":"Benzer yaz\u0131","link":""},"img":{"alt_text":"","src":"https:\/\/i0.wp.com\/artimeks.com.tr\/wp-content\/uploads\/2023\/05\/08-1.jpg?fit=960%2C720&ssl=1&resize=350%2C200","width":350,"height":200,"srcset":"https:\/\/i0.wp.com\/artimeks.com.tr\/wp-content\/uploads\/2023\/05\/08-1.jpg?fit=960%2C720&ssl=1&resize=350%2C200 1x, https:\/\/i0.wp.com\/artimeks.com.tr\/wp-content\/uploads\/2023\/05\/08-1.jpg?fit=960%2C720&ssl=1&resize=525%2C300 1.5x, https:\/\/i0.wp.com\/artimeks.com.tr\/wp-content\/uploads\/2023\/05\/08-1.jpg?fit=960%2C720&ssl=1&resize=700%2C400 2x"},"classes":[]},{"id":10869,"url":"https:\/\/artimeks.com.tr\/?page_id=10869","url_meta":{"origin":10041,"position":1},"title":"Mini Ekskavat\u00f6r &#8211; CARTER\u00a0CT 06","author":"artimeks","date":"23 May\u0131s 2023","format":false,"excerpt":"Previous Next CARTER CT 06 Verimli ve g\u00fcvenilir KOOP motorG\u00fc\u00e7l\u00fc, istikrarl\u0131 motor performans\u0131Kolay bak\u0131m & y\u00f6nlendirmeT\u00fcm ata\u015fmanlara uygun yap\u0131D\u00fc\u015f\u00fck titre\u015fim Videoyu \u0130zle Teknik \u00d6zellikler \u00c7al\u0131\u015fma A\u011f\u0131rl\u0131\u011f\u0131690 kgKova Kapasitesi0.016Motor ModeliEuro VNominal G\u00fc\u00e77.0\/3000(kw\/r\/min)Maksimum Ak\u0131\u015f18(L\/min)\u00c7al\u0131\u015fma Bas\u0131nc\u013116(Mpa)Zemin Bas\u0131nc\u013126(kpa)Yak\u0131t Tank\u0131 Kapasitesi6.6(L)Hidrolik Ya\u011f Tank\u0131 Kapasitesi24(L)Y\u00fcr\u00fcy\u00fc\u015f H\u0131z\u01311.3(km\/h)D\u00f6n\u00fc\u015f H\u0131z\u013111.5(r\/min)Maksimum Yoku\u015f Kabiliyeti38%\/18\u00b0Kol Koparma Kuvveti5.6(KN)Kova Koparma kuvveti7.5(KN) Boyutlar (A)Toplam Uzunluk\u00a02725mm(B)\u2026","rel":"","context":"Benzer yaz\u0131","block_context":{"text":"Benzer yaz\u0131","link":""},"img":{"alt_text":"","src":"https:\/\/i0.wp.com\/artimeks.com.tr\/wp-content\/uploads\/2023\/05\/08-1.jpg?fit=960%2C720&ssl=1&resize=350%2C200","width":350,"height":200,"srcset":"https:\/\/i0.wp.com\/artimeks.com.tr\/wp-content\/uploads\/2023\/05\/08-1.jpg?fit=960%2C720&ssl=1&resize=350%2C200 1x, https:\/\/i0.wp.com\/artimeks.com.tr\/wp-content\/uploads\/2023\/05\/08-1.jpg?fit=960%2C720&ssl=1&resize=525%2C300 1.5x, https:\/\/i0.wp.com\/artimeks.com.tr\/wp-content\/uploads\/2023\/05\/08-1.jpg?fit=960%2C720&ssl=1&resize=700%2C400 2x"},"classes":[]},{"id":10906,"url":"https:\/\/artimeks.com.tr\/?page_id=10906","url_meta":{"origin":10041,"position":2},"title":"Mini Ekskavat\u00f6r &#8211; CARTER\u00a0CT 18","author":"artimeks","date":"23 May\u0131s 2023","format":false,"excerpt":"Previous Next CARTER CT 18 Verimli ve g\u00fcvenilir YANMAR motorY\u00fcksek hassasiyetli hava filtresi ve iki a\u015famal\u0131 dizel filtrelemeGeri \u00e7ekilebilir \u015fasi ve katlan\u0131r dozer k\u00fcre\u011fiYumu\u015fak ve y\u00fcksek kaz\u0131 verimlili\u011fiKolay bak\u0131mTOPS & FOPS KabinA\u00e7\u0131l\u0131r kapan\u0131r paletT\u00fcm ata\u015fmanlara uygun yap\u0131D\u00fc\u015f\u00fck titre\u015fim Videoyu \u0130zle Teknik \u00d6zellikler \u00c7al\u0131\u015fma A\u011f\u0131rl\u0131\u011f\u01311940 kgKova Kapasitesi0.04Motor ModeliYANMAR 3TNV70Nominal G\u00fc\u00e710.3\/2200(kw\/r\/min)Maksimum Ak\u0131\u015f39.6L\/min)\u00c7al\u0131\u015fma\u2026","rel":"","context":"Benzer yaz\u0131","block_context":{"text":"Benzer yaz\u0131","link":""},"img":{"alt_text":"","src":"https:\/\/i0.wp.com\/artimeks.com.tr\/wp-content\/uploads\/2023\/05\/08-1.jpg?fit=960%2C720&ssl=1&resize=350%2C200","width":350,"height":200,"srcset":"https:\/\/i0.wp.com\/artimeks.com.tr\/wp-content\/uploads\/2023\/05\/08-1.jpg?fit=960%2C720&ssl=1&resize=350%2C200 1x, https:\/\/i0.wp.com\/artimeks.com.tr\/wp-content\/uploads\/2023\/05\/08-1.jpg?fit=960%2C720&ssl=1&resize=525%2C300 1.5x, https:\/\/i0.wp.com\/artimeks.com.tr\/wp-content\/uploads\/2023\/05\/08-1.jpg?fit=960%2C720&ssl=1&resize=700%2C400 2x"},"classes":[]},{"id":10930,"url":"https:\/\/artimeks.com.tr\/?page_id=10930","url_meta":{"origin":10041,"position":3},"title":"Mini Ekskavat\u00f6r &#8211; CARTER\u00a0CT 26","author":"artimeks","date":"23 May\u0131s 2023","format":false,"excerpt":"Previous Next CARTER CT 26 Verimli ve g\u00fcvenilir YANMAR motorS\u0131f\u0131r kuyrukYumu\u015fak ve y\u00fcksek kaz\u0131 verimlili\u011fiKolay bak\u0131mTOPS & FOPS KabinT\u00fcm ata\u015fmanlara uygun yap\u0131D\u00fc\u015f\u00fck titre\u015fim Videoyu \u0130zle Teknik \u00d6zellikler \u00c7al\u0131\u015fma A\u011f\u0131rl\u0131\u011f\u01312780 kgKova Kapasitesi0.08Motor ModeliYANMAR 3TNV80FNominal G\u00fc\u00e715.2\/2500(kw\/r\/min)Maksimum Ak\u0131\u015f76.8(L\/min)\u00c7al\u0131\u015fma Bas\u0131nc\u013122(Mpa)Zemin Bas\u0131nc\u013131(kpa)Yak\u0131t Tank\u0131 Kapasitesi35(L)Hidrolik Ya\u011f Tank\u0131 Kapasitesi28(L)Y\u00fcr\u00fcy\u00fc\u015f H\u0131z\u01312.4\/4.5(km\/h)D\u00f6n\u00fc\u015f H\u0131z\u013110(r\/min)Maksimum Yoku\u015f Kabiliyeti58%\/30\u00b0Kol Koparma Kuvveti14.8(KN)Kova Koparma Kuvveti24.5(KN)\u2026","rel":"","context":"Benzer yaz\u0131","block_context":{"text":"Benzer yaz\u0131","link":""},"img":{"alt_text":"","src":"https:\/\/i0.wp.com\/artimeks.com.tr\/wp-content\/uploads\/2023\/05\/08-1.jpg?fit=960%2C720&ssl=1&resize=350%2C200","width":350,"height":200,"srcset":"https:\/\/i0.wp.com\/artimeks.com.tr\/wp-content\/uploads\/2023\/05\/08-1.jpg?fit=960%2C720&ssl=1&resize=350%2C200 1x, https:\/\/i0.wp.com\/artimeks.com.tr\/wp-content\/uploads\/2023\/05\/08-1.jpg?fit=960%2C720&ssl=1&resize=525%2C300 1.5x, https:\/\/i0.wp.com\/artimeks.com.tr\/wp-content\/uploads\/2023\/05\/08-1.jpg?fit=960%2C720&ssl=1&resize=700%2C400 2x"},"classes":[]},{"id":11244,"url":"https:\/\/artimeks.com.tr\/?page_id=11244","url_meta":{"origin":10041,"position":4},"title":"Orta Boy Ekskavat\u00f6r &#8211; CT 135","author":"artimeks","date":"24 May\u0131s 2023","format":false,"excerpt":"CARTER CT 135 D\u00fc\u015f\u00fck devirli ve y\u00fcksek torklu verimli CUMMINS motorB\u00fcy\u00fck deplasmanl\u0131 ve y\u00fcksek verimli pompaY\u00fcksek operasyon verimlili\u011fi ve yak\u0131t ekonomisiTOPS & FOPS KabinRahat operat\u00f6r kabiniY\u00fcksek g\u00fc\u00e7l\u00fc so\u011futma ve \u0131s\u0131tma klimalar\u0131 Teknik \u00d6zellikler \u00c7al\u0131\u015fma A\u011f\u0131rl\u0131\u011f\u013113.600 kgKova Kapasitesi0.56Motor ModeliCUMMINS QSF3.8Nominal G\u00fc\u00e786\/2200(kw\/r\/min)Maksimum Ak\u0131\u015f126*2(L\/min)\u00c7al\u0131\u015fma Bas\u0131nc\u013135\/38(Mpa)Zemin Bas\u0131nc\u013138(kpa)Yak\u0131t Tank\u0131 Kapasitesi250(L)Hidrolik Ya\u011f Tank\u0131 Kapasitesi165(L)Y\u00fcr\u00fcy\u00fc\u015f H\u0131z\u01313.3\/5.1(km\/h)D\u00f6n\u00fc\u015f H\u0131z\u013112.5(r\/min)Maksimum\u2026","rel":"","context":"Benzer yaz\u0131","block_context":{"text":"Benzer yaz\u0131","link":""},"img":{"alt_text":"","src":"https:\/\/i0.wp.com\/artimeks.com.tr\/wp-content\/uploads\/2023\/05\/08-1.jpg?fit=960%2C720&ssl=1&resize=350%2C200","width":350,"height":200,"srcset":"https:\/\/i0.wp.com\/artimeks.com.tr\/wp-content\/uploads\/2023\/05\/08-1.jpg?fit=960%2C720&ssl=1&resize=350%2C200 1x, https:\/\/i0.wp.com\/artimeks.com.tr\/wp-content\/uploads\/2023\/05\/08-1.jpg?fit=960%2C720&ssl=1&resize=525%2C300 1.5x, https:\/\/i0.wp.com\/artimeks.com.tr\/wp-content\/uploads\/2023\/05\/08-1.jpg?fit=960%2C720&ssl=1&resize=700%2C400 2x"},"classes":[]},{"id":10884,"url":"https:\/\/artimeks.com.tr\/?page_id=10884","url_meta":{"origin":10041,"position":5},"title":"Mini Ekskavat\u00f6r &#8211; CARTER\u00a0CT 16","author":"artimeks","date":"23 May\u0131s 2023","format":false,"excerpt":"Previous Next CARTER CT 16 Verimli ve g\u00fcvenilir YANMAR motorBasit ve g\u00fcvenilir, d\u00fc\u015f\u00fck yak\u0131t t\u00fcketimi, istikrarl\u0131 \u00e7al\u0131\u015fma ve y\u00fcksek yanma verimlili\u011fiOtomatik engelleme alarm\u0131 i\u015flevine sahip diferansiyel bas\u0131n\u00e7 g\u00f6stergesi ile donat\u0131lm\u0131\u015f hava filtresiDar \u00e7al\u0131\u015fma i\u00e7in uygun SMA II y\u00f6nlendirme bomuKolay bak\u0131m & y\u00f6nlendirmeTOPS & FOPS KabinA\u00e7\u0131l\u0131r kapan\u0131r paletT\u00fcm ata\u015fmanlara uygun yap\u0131D\u00fc\u015f\u00fck\u2026","rel":"","context":"Benzer yaz\u0131","block_context":{"text":"Benzer yaz\u0131","link":""},"img":{"alt_text":"","src":"https:\/\/i0.wp.com\/artimeks.com.tr\/wp-content\/uploads\/2023\/05\/08-1.jpg?fit=960%2C720&ssl=1&resize=350%2C200","width":350,"height":200,"srcset":"https:\/\/i0.wp.com\/artimeks.com.tr\/wp-content\/uploads\/2023\/05\/08-1.jpg?fit=960%2C720&ssl=1&resize=350%2C200 1x, https:\/\/i0.wp.com\/artimeks.com.tr\/wp-content\/uploads\/2023\/05\/08-1.jpg?fit=960%2C720&ssl=1&resize=525%2C300 1.5x, https:\/\/i0.wp.com\/artimeks.com.tr\/wp-content\/uploads\/2023\/05\/08-1.jpg?fit=960%2C720&ssl=1&resize=700%2C400 2x"},"classes":[]}],"_links":{"self":[{"href":"https:\/\/artimeks.com.tr\/index.php?rest_route=\/wp\/v2\/pages\/10041","targetHints":{"allow":["GET"]}}],"collection":[{"href":"https:\/\/artimeks.com.tr\/index.php?rest_route=\/wp\/v2\/pages"}],"about":[{"href":"https:\/\/artimeks.com.tr\/index.php?rest_route=\/wp\/v2\/types\/page"}],"author":[{"embeddable":true,"href":"https:\/\/artimeks.com.tr\/index.php?rest_route=\/wp\/v2\/users\/1"}],"replies":[{"embeddable":true,"href":"https:\/\/artimeks.com.tr\/index.php?rest_route=%2Fwp%2Fv2%2Fcomments&post=10041"}],"version-history":[{"count":4,"href":"https:\/\/artimeks.com.tr\/index.php?rest_route=\/wp\/v2\/pages\/10041\/revisions"}],"predecessor-version":[{"id":12060,"href":"https:\/\/artimeks.com.tr\/index.php?rest_route=\/wp\/v2\/pages\/10041\/revisions\/12060"}],"wp:attachment":[{"href":"https:\/\/artimeks.com.tr\/index.php?rest_route=%2Fwp%2Fv2%2Fmedia&parent=10041"}],"curies":[{"name":"wp","href":"https:\/\/api.w.org\/{rel}","templated":true}]}}