{"id":11011,"date":"2023-05-23T15:37:46","date_gmt":"2023-05-23T12:37:46","guid":{"rendered":"https:\/\/artimeks.com.tr\/?page_id=11011"},"modified":"2023-05-25T15:39:30","modified_gmt":"2023-05-25T12:39:30","slug":"referanslar","status":"publish","type":"page","link":"https:\/\/artimeks.com.tr\/?page_id=11011","title":{"rendered":"Referanslar"},"content":{"rendered":"\t\t<div data-elementor-type=\"wp-post\" data-elementor-id=\"11011\" class=\"elementor elementor-11011\" data-elementor-post-type=\"page\">\n\t\t\t\t\t\t\t\t\t<section class=\"elementor-section elementor-top-section elementor-element elementor-element-b6afedb elementor-section-boxed elementor-section-height-default elementor-section-height-default\" data-id=\"b6afedb\" data-element_type=\"section\">\n\t\t\t\t\t\t<div class=\"elementor-container elementor-column-gap-default\">\n\t\t\t\t\t<div class=\"elementor-column elementor-col-100 elementor-top-column elementor-element elementor-element-359ed1d\" data-id=\"359ed1d\" data-element_type=\"column\">\n\t\t\t<div class=\"elementor-widget-wrap elementor-element-populated\">\n\t\t\t\t\t\t\t\t<div class=\"elementor-element elementor-element-40f39e9 elementor-widget elementor-widget-shortcode\" data-id=\"40f39e9\" data-element_type=\"widget\" data-widget_type=\"shortcode.default\">\n\t\t\t\t<div class=\"elementor-widget-container\">\n\t\t\t\t\t<div class=\"elementor-shortcode\">\n            <div \n                class=\"elfsight-widget-logo-showcase elfsight-widget\" \n                data-elfsight-logo-showcase-options=\"%7B%22items%22%3A%5B%7B%22file%22%3A%7B%22type%22%3A%22uploaded%22%2C%22data%22%3A%7B%22name%22%3A%22Ada%5Cu00e7al%20End.%22%2C%22url%22%3A%22https%3A%5C%2F%5C%2Fartimeks.com.tr%5C%2Fwp-content%5C%2Fuploads%5C%2F2023%5C%2F05%5C%2FAdacal-End.jpg%22%2C%22size%22%3A12951%2C%22type%22%3A%22image%22%2C%22extension%22%3A%22jpeg%22%2C%22width%22%3A197%2C%22height%22%3A161%2C%22ext%22%3A%22jpeg%22%7D%7D%2C%22link%22%3A%22%22%2C%22caption%22%3A%22%22%7D%2C%7B%22file%22%3A%7B%22type%22%3A%22uploaded%22%2C%22data%22%3A%7B%22name%22%3A%22Adsel%22%2C%22url%22%3A%22https%3A%5C%2F%5C%2Fartimeks.com.tr%5C%2Fwp-content%5C%2Fuploads%5C%2F2023%5C%2F05%5C%2FAdsel.jpg%22%2C%22size%22%3A12588%2C%22type%22%3A%22image%22%2C%22extension%22%3A%22jpeg%22%2C%22width%22%3A236%2C%22height%22%3A135%2C%22ext%22%3A%22jpeg%22%7D%7D%2C%22link%22%3A%22%22%2C%22caption%22%3A%22%22%7D%2C%7B%22file%22%3A%7B%22type%22%3A%22uploaded%22%2C%22data%22%3A%7B%22name%22%3A%22Ak%5Cu00e7ada%5Cu011f%20%5Cu0130n%5Cu015f.%22%2C%22url%22%3A%22https%3A%5C%2F%5C%2Fartimeks.com.tr%5C%2Fwp-content%5C%2Fuploads%5C%2F2023%5C%2F05%5C%2FAkcadag-Ins.jpg%22%2C%22size%22%3A13228%2C%22type%22%3A%22image%22%2C%22extension%22%3A%22jpeg%22%2C%22width%22%3A199%2C%22height%22%3A195%2C%22ext%22%3A%22jpeg%22%7D%7D%2C%22link%22%3A%22%22%2C%22caption%22%3A%22%22%7D%2C%7B%22file%22%3A%7B%22type%22%3A%22uploaded%22%2C%22data%22%3A%7B%22name%22%3A%22AKY%5Cu00dcZ%22%2C%22url%22%3A%22https%3A%5C%2F%5C%2Fartimeks.com.tr%5C%2Fwp-content%5C%2Fuploads%5C%2F2023%5C%2F05%5C%2FAKYUZ.jpg%22%2C%22size%22%3A10307%2C%22type%22%3A%22image%22%2C%22extension%22%3A%22jpeg%22%2C%22width%22%3A145%2C%22height%22%3A102%2C%22ext%22%3A%22jpeg%22%7D%7D%2C%22link%22%3A%22%22%2C%22caption%22%3A%22%22%7D%2C%7B%22file%22%3A%7B%22type%22%3A%22uploaded%22%2C%22data%22%3A%7B%22name%22%3A%22An%5Cu0131t%20Asfalt%22%2C%22url%22%3A%22https%3A%5C%2F%5C%2Fartimeks.com.tr%5C%2Fwp-content%5C%2Fuploads%5C%2F2023%5C%2F05%5C%2FAnit-Asfalt.jpg%22%2C%22size%22%3A11779%2C%22type%22%3A%22image%22%2C%22extension%22%3A%22jpeg%22%2C%22width%22%3A258%2C%22height%22%3A115%2C%22ext%22%3A%22jpeg%22%7D%7D%2C%22link%22%3A%22%22%2C%22caption%22%3A%22%22%7D%2C%7B%22file%22%3A%7B%22type%22%3A%22uploaded%22%2C%22data%22%3A%7B%22name%22%3A%22Bereket%20Enr.%22%2C%22url%22%3A%22https%3A%5C%2F%5C%2Fartimeks.com.tr%5C%2Fwp-content%5C%2Fuploads%5C%2F2023%5C%2F05%5C%2FBereket-Enr.jpg%22%2C%22size%22%3A13297%2C%22type%22%3A%22image%22%2C%22extension%22%3A%22jpeg%22%2C%22width%22%3A396%2C%22height%22%3A204%2C%22ext%22%3A%22jpeg%22%7D%7D%2C%22link%22%3A%22%22%2C%22caption%22%3A%22%22%7D%2C%7B%22file%22%3A%7B%22type%22%3A%22uploaded%22%2C%22data%22%3A%7B%22name%22%3A%22Bergiz%22%2C%22url%22%3A%22https%3A%5C%2F%5C%2Fartimeks.com.tr%5C%2Fwp-content%5C%2Fuploads%5C%2F2023%5C%2F05%5C%2FBergiz.jpg%22%2C%22size%22%3A16049%2C%22type%22%3A%22image%22%2C%22extension%22%3A%22jpeg%22%2C%22width%22%3A195%2C%22height%22%3A198%2C%22ext%22%3A%22jpeg%22%7D%7D%2C%22link%22%3A%22%22%2C%22caption%22%3A%22%22%7D%2C%7B%22file%22%3A%7B%22type%22%3A%22uploaded%22%2C%22data%22%3A%7B%22name%22%3A%22Burcan%22%2C%22url%22%3A%22https%3A%5C%2F%5C%2Fartimeks.com.tr%5C%2Fwp-content%5C%2Fuploads%5C%2F2023%5C%2F05%5C%2FBurcan.jpg%22%2C%22size%22%3A11500%2C%22type%22%3A%22image%22%2C%22extension%22%3A%22jpeg%22%2C%22width%22%3A235%2C%22height%22%3A82%2C%22ext%22%3A%22jpeg%22%7D%7D%2C%22link%22%3A%22%22%2C%22caption%22%3A%22%22%7D%2C%7B%22file%22%3A%7B%22type%22%3A%22uploaded%22%2C%22data%22%3A%7B%22name%22%3A%22Damsan%22%2C%22url%22%3A%22https%3A%5C%2F%5C%2Fartimeks.com.tr%5C%2Fwp-content%5C%2Fuploads%5C%2F2023%5C%2F05%5C%2FDamsan.jpg%22%2C%22size%22%3A11900%2C%22type%22%3A%22image%22%2C%22extension%22%3A%22jpeg%22%2C%22width%22%3A232%2C%22height%22%3A74%2C%22ext%22%3A%22jpeg%22%7D%7D%2C%22link%22%3A%22%22%2C%22caption%22%3A%22%22%7D%2C%7B%22file%22%3A%7B%22type%22%3A%22uploaded%22%2C%22data%22%3A%7B%22name%22%3A%22logo-header%22%2C%22url%22%3A%22https%3A%5C%2F%5C%2Fartimeks.com.tr%5C%2Fwp-content%5C%2Fuploads%5C%2F2023%5C%2F05%5C%2Flogo-header.png%22%2C%22size%22%3A6826%2C%22type%22%3A%22image%22%2C%22extension%22%3A%22png%22%2C%22width%22%3A215%2C%22height%22%3A67%2C%22ext%22%3A%22png%22%7D%7D%2C%22link%22%3A%22%22%2C%22caption%22%3A%22%22%7D%2C%7B%22file%22%3A%7B%22type%22%3A%22uploaded%22%2C%22data%22%3A%7B%22name%22%3A%22Egemen%20Group%22%2C%22url%22%3A%22https%3A%5C%2F%5C%2Fartimeks.com.tr%5C%2Fwp-content%5C%2Fuploads%5C%2F2023%5C%2F05%5C%2FEgemen-Group.jpg%22%2C%22size%22%3A13435%2C%22type%22%3A%22image%22%2C%22extension%22%3A%22jpeg%22%2C%22width%22%3A198%2C%22height%22%3A141%2C%22ext%22%3A%22jpeg%22%7D%7D%2C%22link%22%3A%22%22%2C%22caption%22%3A%22%22%7D%2C%7B%22file%22%3A%7B%22type%22%3A%22uploaded%22%2C%22data%22%3A%7B%22name%22%3A%22Ekran%20Al%5Cu0131nt%5Cu0131s%5Cu0131%22%2C%22url%22%3A%22https%3A%5C%2F%5C%2Fartimeks.com.tr%5C%2Fwp-content%5C%2Fuploads%5C%2F2023%5C%2F05%5C%2FEkran-Alintisi.jpg%22%2C%22size%22%3A12098%2C%22type%22%3A%22image%22%2C%22extension%22%3A%22jpeg%22%2C%22width%22%3A231%2C%22height%22%3A127%2C%22ext%22%3A%22jpeg%22%7D%7D%2C%22link%22%3A%22%22%2C%22caption%22%3A%22%22%7D%2C%7B%22file%22%3A%7B%22type%22%3A%22uploaded%22%2C%22data%22%3A%7B%22name%22%3A%22Entek%20Enr.%22%2C%22url%22%3A%22https%3A%5C%2F%5C%2Fartimeks.com.tr%5C%2Fwp-content%5C%2Fuploads%5C%2F2023%5C%2F05%5C%2FEntek-Enr.jpg%22%2C%22size%22%3A10745%2C%22type%22%3A%22image%22%2C%22extension%22%3A%22jpeg%22%2C%22width%22%3A194%2C%22height%22%3A144%2C%22ext%22%3A%22jpeg%22%7D%7D%2C%22link%22%3A%22%22%2C%22caption%22%3A%22%22%7D%2C%7B%22file%22%3A%7B%22type%22%3A%22uploaded%22%2C%22data%22%3A%7B%22name%22%3A%22Herpa%22%2C%22url%22%3A%22https%3A%5C%2F%5C%2Fartimeks.com.tr%5C%2Fwp-content%5C%2Fuploads%5C%2F2023%5C%2F05%5C%2FHerpa.jpg%22%2C%22size%22%3A11841%2C%22type%22%3A%22image%22%2C%22extension%22%3A%22jpeg%22%2C%22width%22%3A222%2C%22height%22%3A91%2C%22ext%22%3A%22jpeg%22%7D%7D%2C%22link%22%3A%22%22%2C%22caption%22%3A%22%22%7D%2C%7B%22file%22%3A%7B%22type%22%3A%22uploaded%22%2C%22data%22%3A%7B%22name%22%3A%22hitit%22%2C%22url%22%3A%22https%3A%5C%2F%5C%2Fartimeks.com.tr%5C%2Fwp-content%5C%2Fuploads%5C%2F2023%5C%2F05%5C%2Fhitit.png%22%2C%22size%22%3A5577%2C%22type%22%3A%22image%22%2C%22extension%22%3A%22png%22%2C%22width%22%3A125%2C%22height%22%3A125%2C%22ext%22%3A%22png%22%7D%7D%2C%22link%22%3A%22%22%2C%22caption%22%3A%22%22%7D%2C%7B%22file%22%3A%7B%22type%22%3A%22uploaded%22%2C%22data%22%3A%7B%22name%22%3A%229898989%22%2C%22url%22%3A%22https%3A%5C%2F%5C%2Fartimeks.com.tr%5C%2Fwp-content%5C%2Fuploads%5C%2F2023%5C%2F05%5C%2F9898989.jpg%22%2C%22size%22%3A9202%2C%22type%22%3A%22image%22%2C%22extension%22%3A%22jpeg%22%2C%22width%22%3A300%2C%22height%22%3A90%2C%22ext%22%3A%22jpeg%22%7D%7D%2C%22link%22%3A%22%22%2C%22caption%22%3A%22%22%7D%2C%7B%22file%22%3A%7B%22type%22%3A%22uploaded%22%2C%22data%22%3A%7B%22name%22%3A%22Kormad%20Madencilik%22%2C%22url%22%3A%22https%3A%5C%2F%5C%2Fartimeks.com.tr%5C%2Fwp-content%5C%2Fuploads%5C%2F2023%5C%2F05%5C%2FKormad-Madencilik.jpg%22%2C%22size%22%3A12710%2C%22type%22%3A%22image%22%2C%22extension%22%3A%22jpeg%22%2C%22width%22%3A138%2C%22height%22%3A144%2C%22ext%22%3A%22jpeg%22%7D%7D%2C%22link%22%3A%22%22%2C%22caption%22%3A%22%22%2C%22id%22%3A%22a5828509-04a5-48f0-9b82-4f2b9ed7f23f%22%7D%2C%7B%22file%22%3A%7B%22type%22%3A%22uploaded%22%2C%22data%22%3A%7B%22name%22%3A%22Malta%5Cu015f%22%2C%22url%22%3A%22https%3A%5C%2F%5C%2Fartimeks.com.tr%5C%2Fwp-content%5C%2Fuploads%5C%2F2023%5C%2F05%5C%2FMaltas.jpg%22%2C%22size%22%3A10873%2C%22type%22%3A%22image%22%2C%22extension%22%3A%22jpeg%22%2C%22width%22%3A159%2C%22height%22%3A63%2C%22ext%22%3A%22jpeg%22%7D%7D%2C%22link%22%3A%22%22%2C%22caption%22%3A%22%22%2C%22id%22%3A%22dbb1bd50-5173-40d4-861f-46179c8dca4a%22%7D%2C%7B%22file%22%3A%7B%22type%22%3A%22uploaded%22%2C%22data%22%3A%7B%22name%22%3A%22Marbeyaz%22%2C%22url%22%3A%22https%3A%5C%2F%5C%2Fartimeks.com.tr%5C%2Fwp-content%5C%2Fuploads%5C%2F2023%5C%2F05%5C%2FMarbeyaz.jpg%22%2C%22size%22%3A11845%2C%22type%22%3A%22image%22%2C%22extension%22%3A%22jpeg%22%2C%22width%22%3A259%2C%22height%22%3A76%2C%22ext%22%3A%22jpeg%22%7D%7D%2C%22link%22%3A%22%22%2C%22caption%22%3A%22%22%2C%22id%22%3A%229e7011a6-dfe8-45a2-ac26-d52a917c7cc5%22%7D%2C%7B%22file%22%3A%7B%22type%22%3A%22uploaded%22%2C%22data%22%3A%7B%22name%22%3A%22logo%20%281%29%22%2C%22url%22%3A%22https%3A%5C%2F%5C%2Fartimeks.com.tr%5C%2Fwp-content%5C%2Fuploads%5C%2F2023%5C%2F05%5C%2Flogo-1.png%22%2C%22size%22%3A8925%2C%22type%22%3A%22image%22%2C%22extension%22%3A%22png%22%2C%22width%22%3A200%2C%22height%22%3A58%2C%22ext%22%3A%22png%22%7D%7D%2C%22link%22%3A%22%22%2C%22caption%22%3A%22%22%2C%22id%22%3A%225ad7532a-ec74-488b-b264-131cce0b8c77%22%7D%2C%7B%22file%22%3A%7B%22type%22%3A%22uploaded%22%2C%22data%22%3A%7B%22name%22%3A%22Melemo%5Cu011flu%20%5Cu0130n%5Cu015f%22%2C%22url%22%3A%22https%3A%5C%2F%5C%2Fartimeks.com.tr%5C%2Fwp-content%5C%2Fuploads%5C%2F2023%5C%2F05%5C%2FMelemoglu-Ins.jpg%22%2C%22size%22%3A20326%2C%22type%22%3A%22image%22%2C%22extension%22%3A%22jpeg%22%2C%22width%22%3A474%2C%22height%22%3A277%2C%22ext%22%3A%22jpeg%22%7D%7D%2C%22link%22%3A%22%22%2C%22caption%22%3A%22%22%7D%2C%7B%22file%22%3A%7B%22type%22%3A%22uploaded%22%2C%22data%22%3A%7B%22name%22%3A%22Neka%20%5Cu0130nsaat%22%2C%22url%22%3A%22https%3A%5C%2F%5C%2Fartimeks.com.tr%5C%2Fwp-content%5C%2Fuploads%5C%2F2023%5C%2F05%5C%2FNeka-Insaat.jpg%22%2C%22size%22%3A12404%2C%22type%22%3A%22image%22%2C%22extension%22%3A%22jpeg%22%2C%22width%22%3A233%2C%22height%22%3A158%2C%22ext%22%3A%22jpeg%22%7D%7D%2C%22link%22%3A%22%22%2C%22caption%22%3A%22%22%2C%22id%22%3A%22590734d1-26bb-464b-b556-deccc58a5f90%22%7D%2C%7B%22file%22%3A%7B%22type%22%3A%22uploaded%22%2C%22data%22%3A%7B%22name%22%3A%22Nesko%20Maden%22%2C%22url%22%3A%22https%3A%5C%2F%5C%2Fartimeks.com.tr%5C%2Fwp-content%5C%2Fuploads%5C%2F2023%5C%2F05%5C%2FNesko-Maden.jpg%22%2C%22size%22%3A11708%2C%22type%22%3A%22image%22%2C%22extension%22%3A%22jpeg%22%2C%22width%22%3A254%2C%22height%22%3A98%2C%22ext%22%3A%22jpeg%22%7D%7D%2C%22link%22%3A%22%22%2C%22caption%22%3A%22%22%2C%22id%22%3A%22da726033-06a0-41fb-b0f6-751de7d37b1b%22%7D%2C%7B%22file%22%3A%7B%22type%22%3A%22uploaded%22%2C%22data%22%3A%7B%22name%22%3A%22Nurol%20%5Cu0130n%5Cu015f%22%2C%22url%22%3A%22https%3A%5C%2F%5C%2Fartimeks.com.tr%5C%2Fwp-content%5C%2Fuploads%5C%2F2023%5C%2F05%5C%2FNurol-Ins.jpg%22%2C%22size%22%3A12359%2C%22type%22%3A%22image%22%2C%22extension%22%3A%22jpeg%22%2C%22width%22%3A276%2C%22height%22%3A91%2C%22ext%22%3A%22jpeg%22%7D%7D%2C%22link%22%3A%22%22%2C%22caption%22%3A%22%22%2C%22id%22%3A%222cbf1680-cd8c-424b-9ee9-6f488bfeb156%22%7D%2C%7B%22file%22%3A%7B%22type%22%3A%22uploaded%22%2C%22data%22%3A%7B%22name%22%3A%22%5Cu00d6zdemir%20%5Cu0130n%5Cu015f.%22%2C%22url%22%3A%22https%3A%5C%2F%5C%2Fartimeks.com.tr%5C%2Fwp-content%5C%2Fuploads%5C%2F2023%5C%2F05%5C%2FOzdemir-Ins.jpg%22%2C%22size%22%3A10989%2C%22type%22%3A%22image%22%2C%22extension%22%3A%22jpeg%22%2C%22width%22%3A196%2C%22height%22%3A125%2C%22ext%22%3A%22jpeg%22%7D%7D%2C%22link%22%3A%22%22%2C%22caption%22%3A%22%22%2C%22id%22%3A%221b4affda-d703-4c35-a574-9e432b26607a%22%7D%2C%7B%22file%22%3A%7B%22type%22%3A%22uploaded%22%2C%22data%22%3A%7B%22name%22%3A%22logo-rev1%22%2C%22url%22%3A%22https%3A%5C%2F%5C%2Fartimeks.com.tr%5C%2Fwp-content%5C%2Fuploads%5C%2F2023%5C%2F05%5C%2Flogo-rev1.png%22%2C%22size%22%3A4658%2C%22type%22%3A%22image%22%2C%22extension%22%3A%22png%22%2C%22width%22%3A160%2C%22height%22%3A90%2C%22ext%22%3A%22png%22%7D%7D%2C%22link%22%3A%22%22%2C%22caption%22%3A%22%22%2C%22id%22%3A%22016a5307-e468-470d-9f98-e2be215668f1%22%7D%5D%2C%22headerEnabled%22%3Afalse%2C%22headerTitle%22%3A%22%22%2C%22headerText%22%3A%22%22%2C%22buttonEnabled%22%3Afalse%2C%22buttonLink%22%3A%22%22%2C%22buttonText%22%3A%22Contact%20Us%22%2C%22layout%22%3A%22grid%22%2C%22sliderArrowsEnabled%22%3Atrue%2C%22sliderSwipeEnabled%22%3Atrue%2C%22sliderTransitionDuration%22%3A0.6%2C%22sliderPaginationType%22%3A%22none%22%2C%22sliderAutoSlideEnabled%22%3Afalse%2C%22sliderAutoSlideDelay%22%3A5%2C%22sliderAutoSlidePauseOnHover%22%3Afalse%2C%22sliderElementsColor%22%3A%22rgba%280%2C0%2C0%2C1%29%22%2C%22carouselSpeed%22%3A2000%2C%22carouselPauseOnHover%22%3Afalse%2C%22logoSize%22%3A120%2C%22gutter%22%3A120%2C%22logoSizeTablet%22%3A100%2C%22gutterTablet%22%3A20%2C%22logoSizeMobile%22%3A100%2C%22gutterMobile%22%3A20%2C%22width%22%3A%22auto%22%2C%22targetBlank%22%3Atrue%2C%22backgroundType%22%3A%22color%22%2C%22backgroundColor%22%3Anull%2C%22backgroundImage%22%3Anull%2C%22logoColor%22%3A%22original%22%2C%22logoCustomColor%22%3Anull%2C%22logoBackgroundColor%22%3Anull%2C%22headerTextColor%22%3A%22rgb%2817%2C%2017%2C%2017%29%22%2C%22headerTitleFontSize%22%3A24%2C%22headerTitleFontWeight%22%3A%22normal%22%2C%22headerTextFontSize%22%3A16%2C%22buttonStyle%22%3A%22filled%22%2C%22buttonColor%22%3A%22rgb%2828%2C%2059%2C%20255%29%22%2C%22buttonShape%22%3A4%2C%22buttonFontSize%22%3A16%2C%22widgetId%22%3A%221%22%7D\" \n                data-elfsight-logo-showcase-version=\"1.1.1\"\n                data-elfsight-widget-id=\"elfsight-logo-showcase-1\">\n            <\/div>\n            <\/div>\n\t\t\t\t<\/div>\n\t\t\t\t<\/div>\n\t\t\t\t\t<\/div>\n\t\t<\/div>\n\t\t\t\t\t\t\t<\/div>\n\t\t<\/section>\n\t\t\t\t\t\t\t<\/div>\n\t\t","protected":false},"excerpt":{"rendered":"","protected":false},"author":1,"featured_media":10111,"parent":0,"menu_order":0,"comment_status":"closed","ping_status":"closed","template":"page-full.php","meta":{"footnotes":""},"class_list":["post-11011","page","type-page","status-publish","has-post-thumbnail","hentry"],"aioseo_notices":[],"jetpack_sharing_enabled":true,"jetpack-related-posts":[{"id":8332,"url":"https:\/\/artimeks.com.tr\/?page_id=8332","url_meta":{"origin":11011,"position":0},"title":"COST OF RENOVATION","author":"artimeks","date":"14 Nisan 2021","format":false,"excerpt":"What You get ? Aliquam luctus tempor orci sit amet finibus. Duis porttitor, ex ac molestie consectetur, metus tellus venenatis velit, et interdum enim lorem a purus. Fusce scelerisque, massa vitae rhoncus elementum, enim acinia pharetra?Suspendisse quis tellus elit. Fusce mollis et leo sit amet tincidunt. Morbi vulputate faucibus vestibulum.\u2026","rel":"","context":"Benzer yaz\u0131","block_context":{"text":"Benzer yaz\u0131","link":""},"img":{"alt_text":"","src":"","width":0,"height":0},"classes":[]},{"id":6808,"url":"https:\/\/artimeks.com.tr\/?page_id=6808","url_meta":{"origin":11011,"position":1},"title":"Home Slideshow","author":"artimeks","date":"15 Eyl\u00fcl 2019","format":false,"excerpt":"Guaranteed high quality Welcome To TheRoof - Construction Services Company Quis autem vel eum iure reprehenderit qui in ea voluptate Start to Explore View Promo Video Home What We Do We Offer Smarter & More Affordable Access To Construction Services and Equipment. We Are TheRoof. Aiusmod tempor incididunt ut labore\u2026","rel":"","context":"Benzer yaz\u0131","block_context":{"text":"Benzer yaz\u0131","link":""},"img":{"alt_text":"","src":"https:\/\/i0.wp.com\/artimeks.com.tr\/wp-content\/uploads\/2021\/08\/folio_6.jpg?resize=350%2C200&ssl=1","width":350,"height":200,"srcset":"https:\/\/i0.wp.com\/artimeks.com.tr\/wp-content\/uploads\/2021\/08\/folio_6.jpg?resize=350%2C200&ssl=1 1x, https:\/\/i0.wp.com\/artimeks.com.tr\/wp-content\/uploads\/2021\/08\/folio_6.jpg?resize=525%2C300&ssl=1 1.5x, https:\/\/i0.wp.com\/artimeks.com.tr\/wp-content\/uploads\/2021\/08\/folio_6.jpg?resize=700%2C400&ssl=1 2x"},"classes":[]},{"id":12409,"url":"https:\/\/artimeks.com.tr\/?page_id=12409","url_meta":{"origin":11011,"position":2},"title":"Ekskavat\u00f6r","author":"artimeks","date":"4 Aral\u0131k 2023","format":false,"excerpt":"CARTER CT 06 Motor : KOOP 192F-1 Net G\u00fc\u00e7 : 7 kW \/ 3000 rpm Kova : 0.016 m3 \u00c7al\u0131\u015fma A\u011f\u0131rl\u0131\u011f\u0131 : 690 kg Kaz\u0131 Derinli\u011fi : 2512 mm Detayl\u0131 \u0130ncele CARTER CT 10 Motor : KOOP 192F-1 Net G\u00fc\u00e7 : 8.8 kW \/ 3000 rpm Kova : 0.022 m3\u2026","rel":"","context":"Benzer yaz\u0131","block_context":{"text":"Benzer yaz\u0131","link":""},"img":{"alt_text":"","src":"https:\/\/i0.wp.com\/artimeks.com.tr\/wp-content\/uploads\/2023\/05\/Basliksiz-1-2.jpg?resize=350%2C200&ssl=1","width":350,"height":200,"srcset":"https:\/\/i0.wp.com\/artimeks.com.tr\/wp-content\/uploads\/2023\/05\/Basliksiz-1-2.jpg?resize=350%2C200&ssl=1 1x, https:\/\/i0.wp.com\/artimeks.com.tr\/wp-content\/uploads\/2023\/05\/Basliksiz-1-2.jpg?resize=525%2C300&ssl=1 1.5x, https:\/\/i0.wp.com\/artimeks.com.tr\/wp-content\/uploads\/2023\/05\/Basliksiz-1-2.jpg?resize=700%2C400&ssl=1 2x"},"classes":[]},{"id":10038,"url":"https:\/\/artimeks.com.tr\/?page_id=10038","url_meta":{"origin":11011,"position":3},"title":"LDH Y\u00fckleyiciler","author":"artimeks","date":"17 May\u0131s 2023","format":false,"excerpt":"DERUI DRWJ-06 Nominal Y\u00fck Kapasitesi 1.2 Ton Standart Kova Hacmi 0.6 m\u00b3 Yakla\u015f\u0131k A\u011f\u0131rl\u0131k 5,050KG Boyutlar 5,050*1,150*1,890mm Motor G\u00fcc\u00fc 58-66KW DERUI DRWJ-1 Nominal Y\u00fck Kapasitesi 2 Ton Standart Kova Hacmi 1.0 m\u00b3 Yakla\u015f\u0131k A\u011f\u0131rl\u0131k 7,150KG Boyutlar 5,880-6,050*1,380*2,000mm Motor G\u00fcc\u00fc 58-66KW Videoyu \u0130zle DERUI DRWJ-1.5 Nominal Y\u00fck Kapasitesi 3.3Ton Standart Kova\u2026","rel":"","context":"Benzer yaz\u0131","block_context":{"text":"Benzer yaz\u0131","link":""},"img":{"alt_text":"","src":"","width":0,"height":0},"classes":[]},{"id":10108,"url":"https:\/\/artimeks.com.tr\/?page_id=10108","url_meta":{"origin":11011,"position":4},"title":"Mini Ekskavat\u00f6r &#8211; CARTER\u00a0CT 10","author":"artimeks","date":"17 May\u0131s 2023","format":false,"excerpt":"Previous Next CARTER CT 10 Verimli ve g\u00fcvenilir YANMAR motorBasit ve g\u00fcvenilir, d\u00fc\u015f\u00fck yak\u0131t t\u00fcketimi, istikrarl\u0131 \u00e7al\u0131\u015fma ve y\u00fcksek yanma verimlili\u011fiDar \u00e7al\u0131\u015fma i\u00e7in uygun y\u00f6nlendirme bomuKolay bak\u0131m & y\u00f6nlendirmeTOPS & FOPS KabinT\u00fcm ata\u015fmanlara uygun yap\u0131D\u00fc\u015f\u00fck titre\u015fim Videoyu \u0130zle Teknik \u00d6zellikler \u00c7al\u0131\u015fma A\u011f\u0131rl\u0131\u011f\u0131890 kgKova Kapasitesi0.022Motor ModeliEuro VNominal G\u00fc\u00e77.0\/3000(kw\/r\/minMaksimum Ak\u0131\u015f19.2(L\/min)\u00c7al\u0131\u015fma Bas\u0131nc\u013116(Mpa)Zemin Bas\u0131nc\u013128(kpa)Yak\u0131t\u2026","rel":"","context":"Benzer yaz\u0131","block_context":{"text":"Benzer yaz\u0131","link":""},"img":{"alt_text":"","src":"https:\/\/i0.wp.com\/artimeks.com.tr\/wp-content\/uploads\/2023\/05\/08-1.jpg?fit=960%2C720&ssl=1&resize=350%2C200","width":350,"height":200,"srcset":"https:\/\/i0.wp.com\/artimeks.com.tr\/wp-content\/uploads\/2023\/05\/08-1.jpg?fit=960%2C720&ssl=1&resize=350%2C200 1x, https:\/\/i0.wp.com\/artimeks.com.tr\/wp-content\/uploads\/2023\/05\/08-1.jpg?fit=960%2C720&ssl=1&resize=525%2C300 1.5x, https:\/\/i0.wp.com\/artimeks.com.tr\/wp-content\/uploads\/2023\/05\/08-1.jpg?fit=960%2C720&ssl=1&resize=700%2C400 2x"},"classes":[]},{"id":10869,"url":"https:\/\/artimeks.com.tr\/?page_id=10869","url_meta":{"origin":11011,"position":5},"title":"Mini Ekskavat\u00f6r &#8211; CARTER\u00a0CT 06","author":"artimeks","date":"23 May\u0131s 2023","format":false,"excerpt":"Previous Next CARTER CT 06 Verimli ve g\u00fcvenilir KOOP motorG\u00fc\u00e7l\u00fc, istikrarl\u0131 motor performans\u0131Kolay bak\u0131m & y\u00f6nlendirmeT\u00fcm ata\u015fmanlara uygun yap\u0131D\u00fc\u015f\u00fck titre\u015fim Videoyu \u0130zle Teknik \u00d6zellikler \u00c7al\u0131\u015fma A\u011f\u0131rl\u0131\u011f\u0131690 kgKova Kapasitesi0.016Motor ModeliEuro VNominal G\u00fc\u00e77.0\/3000(kw\/r\/min)Maksimum Ak\u0131\u015f18(L\/min)\u00c7al\u0131\u015fma Bas\u0131nc\u013116(Mpa)Zemin Bas\u0131nc\u013126(kpa)Yak\u0131t Tank\u0131 Kapasitesi6.6(L)Hidrolik Ya\u011f Tank\u0131 Kapasitesi24(L)Y\u00fcr\u00fcy\u00fc\u015f H\u0131z\u01311.3(km\/h)D\u00f6n\u00fc\u015f H\u0131z\u013111.5(r\/min)Maksimum Yoku\u015f Kabiliyeti38%\/18\u00b0Kol Koparma Kuvveti5.6(KN)Kova Koparma kuvveti7.5(KN) Boyutlar (A)Toplam Uzunluk\u00a02725mm(B)\u2026","rel":"","context":"Benzer yaz\u0131","block_context":{"text":"Benzer yaz\u0131","link":""},"img":{"alt_text":"","src":"https:\/\/i0.wp.com\/artimeks.com.tr\/wp-content\/uploads\/2023\/05\/08-1.jpg?fit=960%2C720&ssl=1&resize=350%2C200","width":350,"height":200,"srcset":"https:\/\/i0.wp.com\/artimeks.com.tr\/wp-content\/uploads\/2023\/05\/08-1.jpg?fit=960%2C720&ssl=1&resize=350%2C200 1x, https:\/\/i0.wp.com\/artimeks.com.tr\/wp-content\/uploads\/2023\/05\/08-1.jpg?fit=960%2C720&ssl=1&resize=525%2C300 1.5x, https:\/\/i0.wp.com\/artimeks.com.tr\/wp-content\/uploads\/2023\/05\/08-1.jpg?fit=960%2C720&ssl=1&resize=700%2C400 2x"},"classes":[]}],"_links":{"self":[{"href":"https:\/\/artimeks.com.tr\/index.php?rest_route=\/wp\/v2\/pages\/11011","targetHints":{"allow":["GET"]}}],"collection":[{"href":"https:\/\/artimeks.com.tr\/index.php?rest_route=\/wp\/v2\/pages"}],"about":[{"href":"https:\/\/artimeks.com.tr\/index.php?rest_route=\/wp\/v2\/types\/page"}],"author":[{"embeddable":true,"href":"https:\/\/artimeks.com.tr\/index.php?rest_route=\/wp\/v2\/users\/1"}],"replies":[{"embeddable":true,"href":"https:\/\/artimeks.com.tr\/index.php?rest_route=%2Fwp%2Fv2%2Fcomments&post=11011"}],"version-history":[{"count":34,"href":"https:\/\/artimeks.com.tr\/index.php?rest_route=\/wp\/v2\/pages\/11011\/revisions"}],"predecessor-version":[{"id":11708,"href":"https:\/\/artimeks.com.tr\/index.php?rest_route=\/wp\/v2\/pages\/11011\/revisions\/11708"}],"wp:featuredmedia":[{"embeddable":true,"href":"https:\/\/artimeks.com.tr\/index.php?rest_route=\/wp\/v2\/media\/10111"}],"wp:attachment":[{"href":"https:\/\/artimeks.com.tr\/index.php?rest_route=%2Fwp%2Fv2%2Fmedia&parent=11011"}],"curies":[{"name":"wp","href":"https:\/\/api.w.org\/{rel}","templated":true}]}}