{"id":8459,"date":"2016-10-06T03:56:06","date_gmt":"2016-10-06T03:56:06","guid":{"rendered":"http:\/\/demowp.cththemes.net\/diopter\/?page_id=294"},"modified":"2024-02-22T16:08:02","modified_gmt":"2024-02-22T13:08:02","slug":"contact","status":"publish","type":"page","link":"https:\/\/artimeks.com.tr\/?page_id=8459","title":{"rendered":"\u0130leti\u015fim"},"content":{"rendered":"\t\t<div data-elementor-type=\"wp-post\" data-elementor-id=\"8459\" class=\"elementor elementor-8459\" data-elementor-post-type=\"page\">\n\t\t\t\t\t\t\t\t\t<section class=\"elementor-section elementor-top-section elementor-element elementor-element-627c199 gray-bg has-hex pt-50 elementor-section-boxed elementor-section-height-default elementor-section-height-default\" data-id=\"627c199\" data-element_type=\"section\">\n\t\t\t\t\t\t<div class=\"elementor-container elementor-column-gap-default\">\n\t\t\t\t\t<div class=\"elementor-column elementor-col-33 elementor-top-column elementor-element elementor-element-1d4099f\" data-id=\"1d4099f\" data-element_type=\"column\">\n\t\t\t<div class=\"elementor-widget-wrap elementor-element-populated\">\n\t\t\t\t\t\t\t\t<div class=\"elementor-element elementor-element-5fc80c1 elementor-widget elementor-widget-feature_box\" data-id=\"5fc80c1\" data-element_type=\"widget\" data-widget_type=\"feature_box.default\">\n\t\t\t\t<div class=\"elementor-widget-container\">\n\t\t\t  \n        <!--services-box --> \n        <div class=\"card-item sty2\">\n            <i class=\"fal fa-envelope\"><\/i>            <span class=\"card-item_num\">01<\/span>\n            <h4 class=\"service-title\">Mail<\/h4>            <div class=\"card-desc\">\n<a href=\"mailto:info@artimeks.com.tr\" class=\"serv-link sl-b\">info@artimeks.com.tr<\/a><br><br><br><br><\/div>\n            <div class=\"clearfix\"><\/div>\n        <\/div>\n        \n        <!-- services-box end  -->      \n        \t\t<\/div>\n\t\t\t\t<\/div>\n\t\t\t\t\t<\/div>\n\t\t<\/div>\n\t\t\t\t<div class=\"elementor-column elementor-col-33 elementor-top-column elementor-element elementor-element-8f43a90\" data-id=\"8f43a90\" data-element_type=\"column\">\n\t\t\t<div class=\"elementor-widget-wrap elementor-element-populated\">\n\t\t\t\t\t\t\t\t<div class=\"elementor-element elementor-element-f06c5e1 elementor-widget elementor-widget-feature_box\" data-id=\"f06c5e1\" data-element_type=\"widget\" data-widget_type=\"feature_box.default\">\n\t\t\t\t<div class=\"elementor-widget-container\">\n\t\t\t  \n        <!--services-box --> \n        <div class=\"card-item sty1\">\n            <i class=\"fal fa-phone-rotary\"><\/i>            <span class=\"card-item_num\">02<\/span>\n            <h4 class=\"service-title\">Telefon Numaralar\u0131m\u0131z<\/h4>            <div class=\"card-desc\">\n<a href=\"tel:+90(312) 480 22 47\" class=\"serv-link sl-b\">+90(312) 480 22 47<\/a><br> \n <a href=\"tel:+90(532) 799 67 09\" class=\"serv-link sl-b\">+90(532) 799 67 09<\/a><br> <br><br><\/div>\n            <div class=\"clearfix\"><\/div>\n        <\/div>\n        \n        <!-- services-box end  -->      \n        \t\t<\/div>\n\t\t\t\t<\/div>\n\t\t\t\t\t<\/div>\n\t\t<\/div>\n\t\t\t\t<div class=\"elementor-column elementor-col-33 elementor-top-column elementor-element elementor-element-68855fe\" data-id=\"68855fe\" data-element_type=\"column\">\n\t\t\t<div class=\"elementor-widget-wrap elementor-element-populated\">\n\t\t\t\t\t\t\t\t<div class=\"elementor-element elementor-element-d788fa5 elementor-widget elementor-widget-feature_box\" data-id=\"d788fa5\" data-element_type=\"widget\" data-widget_type=\"feature_box.default\">\n\t\t\t\t<div class=\"elementor-widget-container\">\n\t\t\t  \n        <!--services-box --> \n        <div class=\"card-item sty1\">\n            <i class=\"fal fa-map-marked\"><\/i>            <span class=\"card-item_num\">03<\/span>\n            <h4 class=\"service-title\">Adres<\/h4>            <div class=\"card-desc\"><p> <\/p>\n<a href=\"https:\/\/goo.gl\/maps\/dj5UaNJFkJ6rLNJy9\" class=\"serv-link sl-b\">Mustafa Kemal Mah. Dumlup\u0131nar Bulv. MAHALL ANKARA D1 Blok no:82 \u00c7ankaya\/Ankara<\/a><br><br><\/div>\n            <div class=\"clearfix\"><\/div>\n        <\/div>\n        \n        <!-- services-box end  -->      \n        \t\t<\/div>\n\t\t\t\t<\/div>\n\t\t\t\t\t<\/div>\n\t\t<\/div>\n\t\t\t\t\t\t\t<\/div>\n\t\t<\/section>\n\t\t\t\t<section class=\"elementor-section elementor-top-section elementor-element elementor-element-934878d gray-bg pad-top-0 pad-bot-0 elementor-section-boxed elementor-section-height-default elementor-section-height-default\" data-id=\"934878d\" data-element_type=\"section\">\n\t\t\t\t\t\t<div class=\"elementor-container elementor-column-gap-default\">\n\t\t\t\t\t<div class=\"elementor-column elementor-col-100 elementor-top-column elementor-element elementor-element-50c688b\" data-id=\"50c688b\" data-element_type=\"column\">\n\t\t\t<div class=\"elementor-widget-wrap\">\n\t\t\t\t\t\t\t\t\t<\/div>\n\t\t<\/div>\n\t\t\t\t\t\t\t<\/div>\n\t\t<\/section>\n\t\t\t\t<section class=\"elementor-section elementor-top-section elementor-element elementor-element-5f38d8f gray-bg pad-top-30 pb-50 elementor-section-boxed elementor-section-height-default elementor-section-height-default\" data-id=\"5f38d8f\" data-element_type=\"section\">\n\t\t\t\t\t\t<div class=\"elementor-container elementor-column-gap-default\">\n\t\t\t\t\t<div class=\"elementor-column elementor-col-100 elementor-top-column elementor-element elementor-element-491631d\" data-id=\"491631d\" data-element_type=\"column\">\n\t\t\t<div class=\"elementor-widget-wrap elementor-element-populated\">\n\t\t\t\t\t\t\t\t<div class=\"elementor-element elementor-element-222b6e6 elementor-widget elementor-widget-heading\" data-id=\"222b6e6\" data-element_type=\"widget\" data-widget_type=\"heading.default\">\n\t\t\t\t<div class=\"elementor-widget-container\">\n\t\t\t<style>\/*! elementor - v3.18.0 - 08-12-2023 *\/\n.elementor-heading-title{padding:0;margin:0;line-height:1}.elementor-widget-heading .elementor-heading-title[class*=elementor-size-]>a{color:inherit;font-size:inherit;line-height:inherit}.elementor-widget-heading .elementor-heading-title.elementor-size-small{font-size:15px}.elementor-widget-heading .elementor-heading-title.elementor-size-medium{font-size:19px}.elementor-widget-heading .elementor-heading-title.elementor-size-large{font-size:29px}.elementor-widget-heading .elementor-heading-title.elementor-size-xl{font-size:39px}.elementor-widget-heading .elementor-heading-title.elementor-size-xxl{font-size:59px}<\/style><h3 class=\"elementor-heading-title elementor-size-default\">Ofis Konumu:<\/h3>\t\t<\/div>\n\t\t\t\t<\/div>\n\t\t\t\t<div class=\"elementor-element elementor-element-ec4e34e elementor-widget elementor-widget-google_map\" data-id=\"ec4e34e\" data-element_type=\"widget\" data-widget_type=\"google_map.default\">\n\t\t\t\t<div class=\"elementor-widget-container\">\n\t\t\t        <div class=\"map-container mapC_vis\">\n            <div id=\"singleMap69f54f4c7e6c2\" class=\"singleMap singleMap-googlemap\" data-lat=\"39.90852921810791\" data-lng=\"32.75308842613903\" data-loc=\"Mahall Ankara\" data-zoom=\"15\"><\/div>\n            <div class=\"scrollContorl\"><\/div>        <\/div>\n        \t\t<\/div>\n\t\t\t\t<\/div>\n\t\t\t\t\t<\/div>\n\t\t<\/div>\n\t\t\t\t\t\t\t<\/div>\n\t\t<\/section>\n\t\t\t\t\t\t\t<\/div>\n\t\t","protected":false},"excerpt":{"rendered":"<p>01 Mail info@artimeks.com.tr 02 Telefon Numaralar\u0131m\u0131z +90(312) 480 22 47 +90(532) 799 67 09 03 Adres Mustafa Kemal Mah. Dumlup\u0131nar Bulv. MAHALL ANKARA D1 Blok no:82 \u00c7ankaya\/Ankara Ofis Konumu:<\/p>\n","protected":false},"author":1,"featured_media":0,"parent":0,"menu_order":0,"comment_status":"closed","ping_status":"closed","template":"page-full.php","meta":{"footnotes":""},"class_list":["post-8459","page","type-page","status-publish","hentry"],"aioseo_notices":[],"jetpack_sharing_enabled":true,"jetpack-related-posts":[{"id":6806,"url":"https:\/\/artimeks.com.tr\/","url_meta":{"origin":8459,"position":0},"title":"Ana Sayfa","author":"artimeks","date":"15 Eyl\u00fcl 2019","format":false,"excerpt":"LDH Y\u00fckleyiciler Dar alanlar\u0131n uzman\u0131 DERUI \u0130ncele YER ALTI MADEN KAMYONLARI Dar alanlar\u0131n uzman\u0131 DERUI \u0130ncele Y\u00dcKSEKLERDEK\u0130 \u0130\u015e ORTA\u011eINIZ DAHAN Vin\u00e7 G\u00dcVEN \u0130LE \u0130\u015e\u0130N\u0130Z\u0130 Y\u00dcKSELT\u0130N JUXIN Platform \u0130ncele MADEN & T\u00dcNEL DEL\u0130C\u0130LER\u0130 S\u0131n\u0131f\u0131n\u0131n En iyileri \u0130ncele Neler Yap\u0131yoruz ART\u0130MEKS, T\u00fcrkiye Distr\u00fcb\u00fct\u00f6r\u00fc oldu\u011fu DERUI markas\u0131 ile \u00fclkemize maden loaderleri ve kamyonlar\u0131\u2026","rel":"","context":"Benzer yaz\u0131","block_context":{"text":"Benzer yaz\u0131","link":""},"img":{"alt_text":"","src":"https:\/\/i0.wp.com\/artimeks.com.tr\/wp-content\/uploads\/2023\/05\/151027PowerbitT4525.jpg?resize=350%2C200&ssl=1","width":350,"height":200,"srcset":"https:\/\/i0.wp.com\/artimeks.com.tr\/wp-content\/uploads\/2023\/05\/151027PowerbitT4525.jpg?resize=350%2C200&ssl=1 1x, https:\/\/i0.wp.com\/artimeks.com.tr\/wp-content\/uploads\/2023\/05\/151027PowerbitT4525.jpg?resize=525%2C300&ssl=1 1.5x, https:\/\/i0.wp.com\/artimeks.com.tr\/wp-content\/uploads\/2023\/05\/151027PowerbitT4525.jpg?resize=700%2C400&ssl=1 2x, https:\/\/i0.wp.com\/artimeks.com.tr\/wp-content\/uploads\/2023\/05\/151027PowerbitT4525.jpg?resize=1050%2C600&ssl=1 3x, https:\/\/i0.wp.com\/artimeks.com.tr\/wp-content\/uploads\/2023\/05\/151027PowerbitT4525.jpg?resize=1400%2C800&ssl=1 4x"},"classes":[]},{"id":10108,"url":"https:\/\/artimeks.com.tr\/?page_id=10108","url_meta":{"origin":8459,"position":1},"title":"Mini Ekskavat\u00f6r &#8211; CARTER\u00a0CT 10","author":"artimeks","date":"17 May\u0131s 2023","format":false,"excerpt":"Previous Next CARTER CT 10 Verimli ve g\u00fcvenilir YANMAR motorBasit ve g\u00fcvenilir, d\u00fc\u015f\u00fck yak\u0131t t\u00fcketimi, istikrarl\u0131 \u00e7al\u0131\u015fma ve y\u00fcksek yanma verimlili\u011fiDar \u00e7al\u0131\u015fma i\u00e7in uygun y\u00f6nlendirme bomuKolay bak\u0131m & y\u00f6nlendirmeTOPS & FOPS KabinT\u00fcm ata\u015fmanlara uygun yap\u0131D\u00fc\u015f\u00fck titre\u015fim Videoyu \u0130zle Teknik \u00d6zellikler \u00c7al\u0131\u015fma A\u011f\u0131rl\u0131\u011f\u0131890 kgKova Kapasitesi0.022Motor ModeliEuro VNominal G\u00fc\u00e77.0\/3000(kw\/r\/minMaksimum Ak\u0131\u015f19.2(L\/min)\u00c7al\u0131\u015fma Bas\u0131nc\u013116(Mpa)Zemin Bas\u0131nc\u013128(kpa)Yak\u0131t\u2026","rel":"","context":"Benzer yaz\u0131","block_context":{"text":"Benzer yaz\u0131","link":""},"img":{"alt_text":"","src":"https:\/\/i0.wp.com\/artimeks.com.tr\/wp-content\/uploads\/2023\/05\/08-1.jpg?fit=960%2C720&ssl=1&resize=350%2C200","width":350,"height":200,"srcset":"https:\/\/i0.wp.com\/artimeks.com.tr\/wp-content\/uploads\/2023\/05\/08-1.jpg?fit=960%2C720&ssl=1&resize=350%2C200 1x, https:\/\/i0.wp.com\/artimeks.com.tr\/wp-content\/uploads\/2023\/05\/08-1.jpg?fit=960%2C720&ssl=1&resize=525%2C300 1.5x, https:\/\/i0.wp.com\/artimeks.com.tr\/wp-content\/uploads\/2023\/05\/08-1.jpg?fit=960%2C720&ssl=1&resize=700%2C400 2x"},"classes":[]},{"id":10869,"url":"https:\/\/artimeks.com.tr\/?page_id=10869","url_meta":{"origin":8459,"position":2},"title":"Mini Ekskavat\u00f6r &#8211; CARTER\u00a0CT 06","author":"artimeks","date":"23 May\u0131s 2023","format":false,"excerpt":"Previous Next CARTER CT 06 Verimli ve g\u00fcvenilir KOOP motorG\u00fc\u00e7l\u00fc, istikrarl\u0131 motor performans\u0131Kolay bak\u0131m & y\u00f6nlendirmeT\u00fcm ata\u015fmanlara uygun yap\u0131D\u00fc\u015f\u00fck titre\u015fim Videoyu \u0130zle Teknik \u00d6zellikler \u00c7al\u0131\u015fma A\u011f\u0131rl\u0131\u011f\u0131690 kgKova Kapasitesi0.016Motor ModeliEuro VNominal G\u00fc\u00e77.0\/3000(kw\/r\/min)Maksimum Ak\u0131\u015f18(L\/min)\u00c7al\u0131\u015fma Bas\u0131nc\u013116(Mpa)Zemin Bas\u0131nc\u013126(kpa)Yak\u0131t Tank\u0131 Kapasitesi6.6(L)Hidrolik Ya\u011f Tank\u0131 Kapasitesi24(L)Y\u00fcr\u00fcy\u00fc\u015f H\u0131z\u01311.3(km\/h)D\u00f6n\u00fc\u015f H\u0131z\u013111.5(r\/min)Maksimum Yoku\u015f Kabiliyeti38%\/18\u00b0Kol Koparma Kuvveti5.6(KN)Kova Koparma kuvveti7.5(KN) Boyutlar (A)Toplam Uzunluk\u00a02725mm(B)\u2026","rel":"","context":"Benzer yaz\u0131","block_context":{"text":"Benzer yaz\u0131","link":""},"img":{"alt_text":"","src":"https:\/\/i0.wp.com\/artimeks.com.tr\/wp-content\/uploads\/2023\/05\/08-1.jpg?fit=960%2C720&ssl=1&resize=350%2C200","width":350,"height":200,"srcset":"https:\/\/i0.wp.com\/artimeks.com.tr\/wp-content\/uploads\/2023\/05\/08-1.jpg?fit=960%2C720&ssl=1&resize=350%2C200 1x, https:\/\/i0.wp.com\/artimeks.com.tr\/wp-content\/uploads\/2023\/05\/08-1.jpg?fit=960%2C720&ssl=1&resize=525%2C300 1.5x, https:\/\/i0.wp.com\/artimeks.com.tr\/wp-content\/uploads\/2023\/05\/08-1.jpg?fit=960%2C720&ssl=1&resize=700%2C400 2x"},"classes":[]},{"id":10930,"url":"https:\/\/artimeks.com.tr\/?page_id=10930","url_meta":{"origin":8459,"position":3},"title":"Mini Ekskavat\u00f6r &#8211; CARTER\u00a0CT 26","author":"artimeks","date":"23 May\u0131s 2023","format":false,"excerpt":"Previous Next CARTER CT 26 Verimli ve g\u00fcvenilir YANMAR motorS\u0131f\u0131r kuyrukYumu\u015fak ve y\u00fcksek kaz\u0131 verimlili\u011fiKolay bak\u0131mTOPS & FOPS KabinT\u00fcm ata\u015fmanlara uygun yap\u0131D\u00fc\u015f\u00fck titre\u015fim Videoyu \u0130zle Teknik \u00d6zellikler \u00c7al\u0131\u015fma A\u011f\u0131rl\u0131\u011f\u01312780 kgKova Kapasitesi0.08Motor ModeliYANMAR 3TNV80FNominal G\u00fc\u00e715.2\/2500(kw\/r\/min)Maksimum Ak\u0131\u015f76.8(L\/min)\u00c7al\u0131\u015fma Bas\u0131nc\u013122(Mpa)Zemin Bas\u0131nc\u013131(kpa)Yak\u0131t Tank\u0131 Kapasitesi35(L)Hidrolik Ya\u011f Tank\u0131 Kapasitesi28(L)Y\u00fcr\u00fcy\u00fc\u015f H\u0131z\u01312.4\/4.5(km\/h)D\u00f6n\u00fc\u015f H\u0131z\u013110(r\/min)Maksimum Yoku\u015f Kabiliyeti58%\/30\u00b0Kol Koparma Kuvveti14.8(KN)Kova Koparma Kuvveti24.5(KN)\u2026","rel":"","context":"Benzer yaz\u0131","block_context":{"text":"Benzer yaz\u0131","link":""},"img":{"alt_text":"","src":"https:\/\/i0.wp.com\/artimeks.com.tr\/wp-content\/uploads\/2023\/05\/08-1.jpg?fit=960%2C720&ssl=1&resize=350%2C200","width":350,"height":200,"srcset":"https:\/\/i0.wp.com\/artimeks.com.tr\/wp-content\/uploads\/2023\/05\/08-1.jpg?fit=960%2C720&ssl=1&resize=350%2C200 1x, https:\/\/i0.wp.com\/artimeks.com.tr\/wp-content\/uploads\/2023\/05\/08-1.jpg?fit=960%2C720&ssl=1&resize=525%2C300 1.5x, https:\/\/i0.wp.com\/artimeks.com.tr\/wp-content\/uploads\/2023\/05\/08-1.jpg?fit=960%2C720&ssl=1&resize=700%2C400 2x"},"classes":[]},{"id":11244,"url":"https:\/\/artimeks.com.tr\/?page_id=11244","url_meta":{"origin":8459,"position":4},"title":"Orta Boy Ekskavat\u00f6r &#8211; CT 135","author":"artimeks","date":"24 May\u0131s 2023","format":false,"excerpt":"CARTER CT 135 D\u00fc\u015f\u00fck devirli ve y\u00fcksek torklu verimli CUMMINS motorB\u00fcy\u00fck deplasmanl\u0131 ve y\u00fcksek verimli pompaY\u00fcksek operasyon verimlili\u011fi ve yak\u0131t ekonomisiTOPS & FOPS KabinRahat operat\u00f6r kabiniY\u00fcksek g\u00fc\u00e7l\u00fc so\u011futma ve \u0131s\u0131tma klimalar\u0131 Teknik \u00d6zellikler \u00c7al\u0131\u015fma A\u011f\u0131rl\u0131\u011f\u013113.600 kgKova Kapasitesi0.56Motor ModeliCUMMINS QSF3.8Nominal G\u00fc\u00e786\/2200(kw\/r\/min)Maksimum Ak\u0131\u015f126*2(L\/min)\u00c7al\u0131\u015fma Bas\u0131nc\u013135\/38(Mpa)Zemin Bas\u0131nc\u013138(kpa)Yak\u0131t Tank\u0131 Kapasitesi250(L)Hidrolik Ya\u011f Tank\u0131 Kapasitesi165(L)Y\u00fcr\u00fcy\u00fc\u015f H\u0131z\u01313.3\/5.1(km\/h)D\u00f6n\u00fc\u015f H\u0131z\u013112.5(r\/min)Maksimum\u2026","rel":"","context":"Benzer yaz\u0131","block_context":{"text":"Benzer yaz\u0131","link":""},"img":{"alt_text":"","src":"https:\/\/i0.wp.com\/artimeks.com.tr\/wp-content\/uploads\/2023\/05\/08-1.jpg?fit=960%2C720&ssl=1&resize=350%2C200","width":350,"height":200,"srcset":"https:\/\/i0.wp.com\/artimeks.com.tr\/wp-content\/uploads\/2023\/05\/08-1.jpg?fit=960%2C720&ssl=1&resize=350%2C200 1x, https:\/\/i0.wp.com\/artimeks.com.tr\/wp-content\/uploads\/2023\/05\/08-1.jpg?fit=960%2C720&ssl=1&resize=525%2C300 1.5x, https:\/\/i0.wp.com\/artimeks.com.tr\/wp-content\/uploads\/2023\/05\/08-1.jpg?fit=960%2C720&ssl=1&resize=700%2C400 2x"},"classes":[]},{"id":10906,"url":"https:\/\/artimeks.com.tr\/?page_id=10906","url_meta":{"origin":8459,"position":5},"title":"Mini Ekskavat\u00f6r &#8211; CARTER\u00a0CT 18","author":"artimeks","date":"23 May\u0131s 2023","format":false,"excerpt":"Previous Next CARTER CT 18 Verimli ve g\u00fcvenilir YANMAR motorY\u00fcksek hassasiyetli hava filtresi ve iki a\u015famal\u0131 dizel filtrelemeGeri \u00e7ekilebilir \u015fasi ve katlan\u0131r dozer k\u00fcre\u011fiYumu\u015fak ve y\u00fcksek kaz\u0131 verimlili\u011fiKolay bak\u0131mTOPS & FOPS KabinA\u00e7\u0131l\u0131r kapan\u0131r paletT\u00fcm ata\u015fmanlara uygun yap\u0131D\u00fc\u015f\u00fck titre\u015fim Videoyu \u0130zle Teknik \u00d6zellikler \u00c7al\u0131\u015fma A\u011f\u0131rl\u0131\u011f\u01311940 kgKova Kapasitesi0.04Motor ModeliYANMAR 3TNV70Nominal G\u00fc\u00e710.3\/2200(kw\/r\/min)Maksimum Ak\u0131\u015f39.6L\/min)\u00c7al\u0131\u015fma\u2026","rel":"","context":"Benzer yaz\u0131","block_context":{"text":"Benzer yaz\u0131","link":""},"img":{"alt_text":"","src":"https:\/\/i0.wp.com\/artimeks.com.tr\/wp-content\/uploads\/2023\/05\/08-1.jpg?fit=960%2C720&ssl=1&resize=350%2C200","width":350,"height":200,"srcset":"https:\/\/i0.wp.com\/artimeks.com.tr\/wp-content\/uploads\/2023\/05\/08-1.jpg?fit=960%2C720&ssl=1&resize=350%2C200 1x, https:\/\/i0.wp.com\/artimeks.com.tr\/wp-content\/uploads\/2023\/05\/08-1.jpg?fit=960%2C720&ssl=1&resize=525%2C300 1.5x, https:\/\/i0.wp.com\/artimeks.com.tr\/wp-content\/uploads\/2023\/05\/08-1.jpg?fit=960%2C720&ssl=1&resize=700%2C400 2x"},"classes":[]}],"_links":{"self":[{"href":"https:\/\/artimeks.com.tr\/index.php?rest_route=\/wp\/v2\/pages\/8459","targetHints":{"allow":["GET"]}}],"collection":[{"href":"https:\/\/artimeks.com.tr\/index.php?rest_route=\/wp\/v2\/pages"}],"about":[{"href":"https:\/\/artimeks.com.tr\/index.php?rest_route=\/wp\/v2\/types\/page"}],"author":[{"embeddable":true,"href":"https:\/\/artimeks.com.tr\/index.php?rest_route=\/wp\/v2\/users\/1"}],"replies":[{"embeddable":true,"href":"https:\/\/artimeks.com.tr\/index.php?rest_route=%2Fwp%2Fv2%2Fcomments&post=8459"}],"version-history":[{"count":47,"href":"https:\/\/artimeks.com.tr\/index.php?rest_route=\/wp\/v2\/pages\/8459\/revisions"}],"predecessor-version":[{"id":12601,"href":"https:\/\/artimeks.com.tr\/index.php?rest_route=\/wp\/v2\/pages\/8459\/revisions\/12601"}],"wp:attachment":[{"href":"https:\/\/artimeks.com.tr\/index.php?rest_route=%2Fwp%2Fv2%2Fmedia&parent=8459"}],"curies":[{"name":"wp","href":"https:\/\/api.w.org\/{rel}","templated":true}]}}