{"id":8461,"date":"2016-10-13T09:35:46","date_gmt":"2016-10-13T06:35:46","guid":{"rendered":"http:\/\/demowp.cththemes.net\/diopter\/?page_id=531"},"modified":"2023-12-13T16:03:59","modified_gmt":"2023-12-13T13:03:59","slug":"about","status":"publish","type":"page","link":"https:\/\/artimeks.com.tr\/?page_id=8461","title":{"rendered":"Artimeks"},"content":{"rendered":"\t\t<div data-elementor-type=\"wp-post\" data-elementor-id=\"8461\" class=\"elementor elementor-8461\" data-elementor-post-type=\"page\">\n\t\t\t\t\t\t\t\t\t<section class=\"elementor-section elementor-top-section elementor-element elementor-element-46cd3fc elementor-section-stretched sec-padding elementor-section-boxed elementor-section-height-default elementor-section-height-default\" data-id=\"46cd3fc\" data-element_type=\"section\" data-settings=\"{&quot;stretch_section&quot;:&quot;section-stretched&quot;,&quot;background_background&quot;:&quot;classic&quot;}\">\n\t\t\t\t\t\t<div class=\"elementor-container elementor-column-gap-wide\">\n\t\t\t\t\t<div class=\"elementor-column elementor-col-50 elementor-top-column elementor-element elementor-element-8141bba\" data-id=\"8141bba\" data-element_type=\"column\">\n\t\t\t<div class=\"elementor-widget-wrap elementor-element-populated\">\n\t\t\t\t\t\t\t\t<div class=\"elementor-element elementor-element-ef5ec2c elementor-widget elementor-widget-spacer\" data-id=\"ef5ec2c\" data-element_type=\"widget\" data-widget_type=\"spacer.default\">\n\t\t\t\t<div class=\"elementor-widget-container\">\n\t\t\t<style>\/*! elementor - v3.18.0 - 08-12-2023 *\/\n.elementor-column .elementor-spacer-inner{height:var(--spacer-size)}.e-con{--container-widget-width:100%}.e-con-inner>.elementor-widget-spacer,.e-con>.elementor-widget-spacer{width:var(--container-widget-width,var(--spacer-size));--align-self:var(--container-widget-align-self,initial);--flex-shrink:0}.e-con-inner>.elementor-widget-spacer>.elementor-widget-container,.e-con>.elementor-widget-spacer>.elementor-widget-container{height:100%;width:100%}.e-con-inner>.elementor-widget-spacer>.elementor-widget-container>.elementor-spacer,.e-con>.elementor-widget-spacer>.elementor-widget-container>.elementor-spacer{height:100%}.e-con-inner>.elementor-widget-spacer>.elementor-widget-container>.elementor-spacer>.elementor-spacer-inner,.e-con>.elementor-widget-spacer>.elementor-widget-container>.elementor-spacer>.elementor-spacer-inner{height:var(--container-widget-height,var(--spacer-size))}.e-con-inner>.elementor-widget-spacer.elementor-widget-empty,.e-con>.elementor-widget-spacer.elementor-widget-empty{position:relative;min-height:22px;min-width:22px}.e-con-inner>.elementor-widget-spacer.elementor-widget-empty .elementor-widget-empty-icon,.e-con>.elementor-widget-spacer.elementor-widget-empty .elementor-widget-empty-icon{position:absolute;top:0;bottom:0;left:0;right:0;margin:auto;padding:0;width:22px;height:22px}<\/style>\t\t<div class=\"elementor-spacer\">\n\t\t\t<div class=\"elementor-spacer-inner\"><\/div>\n\t\t<\/div>\n\t\t\t\t<\/div>\n\t\t\t\t<\/div>\n\t\t\t\t<div class=\"elementor-element elementor-element-fc8203b elementor-widget elementor-widget-image_quote\" data-id=\"fc8203b\" data-element_type=\"widget\" data-widget_type=\"image_quote.default\">\n\t\t\t\t<div class=\"elementor-widget-container\">\n\t\t\t        <div class=\"about-img abimg-sty1\" data-scrollax-parent=\"true\">\n            <img fetchpriority=\"high\" decoding=\"async\" width=\"2000\" height=\"1400\" src=\"https:\/\/i0.wp.com\/artimeks.com.tr\/wp-content\/uploads\/2023\/05\/editlenmis-kamyon.jpg?fit=2000%2C1400&amp;ssl=1\" class=\"respimg\" alt=\"\" srcset=\"https:\/\/i0.wp.com\/artimeks.com.tr\/wp-content\/uploads\/2023\/05\/editlenmis-kamyon.jpg?w=2000&amp;ssl=1 2000w, https:\/\/i0.wp.com\/artimeks.com.tr\/wp-content\/uploads\/2023\/05\/editlenmis-kamyon.jpg?resize=300%2C210&amp;ssl=1 300w, https:\/\/i0.wp.com\/artimeks.com.tr\/wp-content\/uploads\/2023\/05\/editlenmis-kamyon.jpg?resize=1024%2C717&amp;ssl=1 1024w, https:\/\/i0.wp.com\/artimeks.com.tr\/wp-content\/uploads\/2023\/05\/editlenmis-kamyon.jpg?resize=768%2C538&amp;ssl=1 768w, https:\/\/i0.wp.com\/artimeks.com.tr\/wp-content\/uploads\/2023\/05\/editlenmis-kamyon.jpg?resize=1536%2C1075&amp;ssl=1 1536w, https:\/\/i0.wp.com\/artimeks.com.tr\/wp-content\/uploads\/2023\/05\/editlenmis-kamyon.jpg?resize=783%2C548&amp;ssl=1 783w, https:\/\/i0.wp.com\/artimeks.com.tr\/wp-content\/uploads\/2023\/05\/editlenmis-kamyon.jpg?resize=287%2C201&amp;ssl=1 287w, https:\/\/i0.wp.com\/artimeks.com.tr\/wp-content\/uploads\/2023\/05\/editlenmis-kamyon.jpg?resize=574%2C402&amp;ssl=1 574w, https:\/\/i0.wp.com\/artimeks.com.tr\/wp-content\/uploads\/2023\/05\/editlenmis-kamyon.jpg?resize=500%2C350&amp;ssl=1 500w, https:\/\/i0.wp.com\/artimeks.com.tr\/wp-content\/uploads\/2023\/05\/editlenmis-kamyon.jpg?resize=450%2C315&amp;ssl=1 450w, https:\/\/i0.wp.com\/artimeks.com.tr\/wp-content\/uploads\/2023\/05\/editlenmis-kamyon.jpg?resize=407%2C285&amp;ssl=1 407w, https:\/\/i0.wp.com\/artimeks.com.tr\/wp-content\/uploads\/2023\/05\/editlenmis-kamyon.jpg?resize=143%2C100&amp;ssl=1 143w\" sizes=\"(max-width: 760px) 100vw, 760px\" \/>                                        <div class=\"about-img-title\" data-scrollax=\"properties: { translateY: '100px' }\">ART\u0130MEKS<\/div>\n                        \n        <\/div>\n        \t\t<\/div>\n\t\t\t\t<\/div>\n\t\t\t\t\t<\/div>\n\t\t<\/div>\n\t\t\t\t<div class=\"elementor-column elementor-col-50 elementor-top-column elementor-element elementor-element-d66790f\" data-id=\"d66790f\" data-element_type=\"column\">\n\t\t\t<div class=\"elementor-widget-wrap elementor-element-populated\">\n\t\t\t\t\t\t\t\t<div class=\"elementor-element elementor-element-a26d9f7 elementor-widget elementor-widget-section_title\" data-id=\"a26d9f7\" data-element_type=\"widget\" data-widget_type=\"section_title.default\">\n\t\t\t\t<div class=\"elementor-widget-container\">\n\t\t\t        <div class=\"section-title st-left st-st1\">\n                    <h2 class=\"sec-title\"><span>Biz Kimiz<\/span><\/h2>                    <\/div>\n        \t\t<\/div>\n\t\t\t\t<\/div>\n\t\t\t\t<div class=\"elementor-element elementor-element-136e4e6 elementor-widget elementor-widget-text-editor\" data-id=\"136e4e6\" data-element_type=\"widget\" data-widget_type=\"text-editor.default\">\n\t\t\t\t<div class=\"elementor-widget-container\">\n\t\t\t<style>\/*! elementor - v3.18.0 - 08-12-2023 *\/\n.elementor-widget-text-editor.elementor-drop-cap-view-stacked .elementor-drop-cap{background-color:#69727d;color:#fff}.elementor-widget-text-editor.elementor-drop-cap-view-framed .elementor-drop-cap{color:#69727d;border:3px solid;background-color:transparent}.elementor-widget-text-editor:not(.elementor-drop-cap-view-default) .elementor-drop-cap{margin-top:8px}.elementor-widget-text-editor:not(.elementor-drop-cap-view-default) .elementor-drop-cap-letter{width:1em;height:1em}.elementor-widget-text-editor .elementor-drop-cap{float:left;text-align:center;line-height:1;font-size:50px}.elementor-widget-text-editor .elementor-drop-cap-letter{display:inline-block}<\/style>\t\t\t\t<p>ART\u0130MEKS, i\u015f hayat\u0131na 2016 y\u0131l\u0131nda Ankara\u2019da ba\u015flam\u0131\u015f ve g\u00fcn\u00fcm\u00fcze kadar y\u00fckselen bir grafikle hem uluslararas\u0131 hem de yurti\u00e7i ticaret alan\u0131nda ba\u015fta T\u00fcrkiye, \u00c7in, Amerika, Avrupa \u00fclkeleri ve G\u00fcrcistan olmak \u00fczere ba\u015far\u0131l\u0131 bir \u015fekilde pazar\u0131n\u0131 ve i\u015f hacmini b\u00fcy\u00fctmeyi ba\u015farm\u0131\u015ft\u0131r.<\/p><p>\u00c7in\u2019deki irtibatlar\u0131 ve \u00f6zellikle bu co\u011frafyadaki farkl\u0131 \u00fcreticilerle geli\u015ftirdi\u011fi i\u015fbirli\u011fi sayesinde, i\u015f makinalar\u0131 ve ekipmanlar\u0131 alan\u0131nda teknik ve kalite olarak kendini kan\u0131tlam\u0131\u015f markalar\u0131n ve \u00fcreticilerin T\u00fcrkiye\u2019deki temsilcisi olmu\u015ftur.<\/p><p>DERUI markas\u0131n\u0131n T\u00fcrkiye Distr\u00fcb\u00fct\u00f6r\u00fc olan ART\u0130MEKS bu marka ile \u00fclkemize maden loaderleri getirmekte ve farkl\u0131 maden ocaklar\u0131nda \u00e7al\u0131\u015fmalar\u0131n\u0131 sa\u011flamaktad\u0131r.<\/p><p>Kule vin\u00e7 alan\u0131nda da Uzakdo\u011fu\u2019nun en g\u00fc\u00e7l\u00fc \u00fcreticilerinden biri olan DAHAN\u2019\u0131 T\u00fcrkiye&#8217;ye getirip sat\u0131\u015f\u0131n\u0131 yapmakta ve yine ayn\u0131 \u015fekilde JUX\u0130N Platform markas\u0131 ile de makasl\u0131 platform \u00fcr\u00fcnlerini T\u00fcrkiye\u2019de pazarlamaktad\u0131r.<\/p><p>Bununla beraber ART\u0130MEKS, Atlas Copco, Montabert, Furukawa, Ingersoll, Sandvik, Epiroc ve Sanlytols gibi markalar\u0131n da delici sarf malzemelerinin ithalat\u0131n\u0131 ger\u00e7ekle\u015ftirmektedir.<\/p>\t\t\t\t\t\t<\/div>\n\t\t\t\t<\/div>\n\t\t\t\t\t<\/div>\n\t\t<\/div>\n\t\t\t\t\t\t\t<\/div>\n\t\t<\/section>\n\t\t\t\t\t\t\t<\/div>\n\t\t","protected":false},"excerpt":{"rendered":"<p>ART\u0130MEKS Biz Kimiz ART\u0130MEKS, i\u015f hayat\u0131na 2016 y\u0131l\u0131nda Ankara\u2019da ba\u015flam\u0131\u015f ve g\u00fcn\u00fcm\u00fcze kadar y\u00fckselen bir grafikle hem uluslararas\u0131 hem de yurti\u00e7i ticaret alan\u0131nda ba\u015fta T\u00fcrkiye, \u00c7in, Amerika, Avrupa \u00fclkeleri ve G\u00fcrcistan olmak \u00fczere ba\u015far\u0131l\u0131 bir \u015fekilde pazar\u0131n\u0131 ve i\u015f hacmini b\u00fcy\u00fctmeyi ba\u015farm\u0131\u015ft\u0131r. \u00c7in\u2019deki irtibatlar\u0131 ve \u00f6zellikle bu co\u011frafyadaki farkl\u0131 \u00fcreticilerle geli\u015ftirdi\u011fi i\u015fbirli\u011fi sayesinde, i\u015f makinalar\u0131 ve ekipmanlar\u0131 alan\u0131nda teknik ve kalite olarak kendini kan\u0131tlam\u0131\u015f markalar\u0131n ve \u00fcreticilerin T\u00fcrkiye\u2019deki temsilcisi olmu\u015ftur. DERUI markas\u0131n\u0131n T\u00fcrkiye Distr\u00fcb\u00fct\u00f6r\u00fc olan ART\u0130MEKS bu marka ile \u00fclkemize maden loaderleri getirmekte ve farkl\u0131 maden ocaklar\u0131nda \u00e7al\u0131\u015fmalar\u0131n\u0131 sa\u011flamaktad\u0131r. Kule vin\u00e7 alan\u0131nda da Uzakdo\u011fu\u2019nun en g\u00fc\u00e7l\u00fc \u00fcreticilerinden biri olan DAHAN\u2019\u0131 T\u00fcrkiye&#8217;ye getirip sat\u0131\u015f\u0131n\u0131 yapmakta ve yine ayn\u0131 \u015fekilde JUX\u0130N Platform markas\u0131 ile de makasl\u0131 platform \u00fcr\u00fcnlerini T\u00fcrkiye\u2019de pazarlamaktad\u0131r. Bununla beraber ART\u0130MEKS, Atlas Copco, Montabert, Furukawa, Ingersoll, Sandvik, Epiroc ve Sanlytols gibi markalar\u0131n da delici sarf malzemelerinin ithalat\u0131n\u0131 ger\u00e7ekle\u015ftirmektedir.<\/p>\n","protected":false},"author":1,"featured_media":0,"parent":0,"menu_order":0,"comment_status":"closed","ping_status":"closed","template":"page-full.php","meta":{"footnotes":""},"class_list":["post-8461","page","type-page","status-publish","hentry"],"aioseo_notices":[],"jetpack_sharing_enabled":true,"jetpack-related-posts":[{"id":10108,"url":"https:\/\/artimeks.com.tr\/?page_id=10108","url_meta":{"origin":8461,"position":0},"title":"Mini Ekskavat\u00f6r &#8211; CARTER\u00a0CT 10","author":"artimeks","date":"17 May\u0131s 2023","format":false,"excerpt":"Previous Next CARTER CT 10 Verimli ve g\u00fcvenilir YANMAR motorBasit ve g\u00fcvenilir, d\u00fc\u015f\u00fck yak\u0131t t\u00fcketimi, istikrarl\u0131 \u00e7al\u0131\u015fma ve y\u00fcksek yanma verimlili\u011fiDar \u00e7al\u0131\u015fma i\u00e7in uygun y\u00f6nlendirme bomuKolay bak\u0131m & y\u00f6nlendirmeTOPS & FOPS KabinT\u00fcm ata\u015fmanlara uygun yap\u0131D\u00fc\u015f\u00fck titre\u015fim Videoyu \u0130zle Teknik \u00d6zellikler \u00c7al\u0131\u015fma A\u011f\u0131rl\u0131\u011f\u0131890 kgKova Kapasitesi0.022Motor ModeliEuro VNominal G\u00fc\u00e77.0\/3000(kw\/r\/minMaksimum Ak\u0131\u015f19.2(L\/min)\u00c7al\u0131\u015fma Bas\u0131nc\u013116(Mpa)Zemin Bas\u0131nc\u013128(kpa)Yak\u0131t\u2026","rel":"","context":"Benzer yaz\u0131","block_context":{"text":"Benzer yaz\u0131","link":""},"img":{"alt_text":"","src":"https:\/\/i0.wp.com\/artimeks.com.tr\/wp-content\/uploads\/2023\/05\/08-1.jpg?fit=960%2C720&ssl=1&resize=350%2C200","width":350,"height":200,"srcset":"https:\/\/i0.wp.com\/artimeks.com.tr\/wp-content\/uploads\/2023\/05\/08-1.jpg?fit=960%2C720&ssl=1&resize=350%2C200 1x, https:\/\/i0.wp.com\/artimeks.com.tr\/wp-content\/uploads\/2023\/05\/08-1.jpg?fit=960%2C720&ssl=1&resize=525%2C300 1.5x, https:\/\/i0.wp.com\/artimeks.com.tr\/wp-content\/uploads\/2023\/05\/08-1.jpg?fit=960%2C720&ssl=1&resize=700%2C400 2x"},"classes":[]},{"id":10869,"url":"https:\/\/artimeks.com.tr\/?page_id=10869","url_meta":{"origin":8461,"position":1},"title":"Mini Ekskavat\u00f6r &#8211; CARTER\u00a0CT 06","author":"artimeks","date":"23 May\u0131s 2023","format":false,"excerpt":"Previous Next CARTER CT 06 Verimli ve g\u00fcvenilir KOOP motorG\u00fc\u00e7l\u00fc, istikrarl\u0131 motor performans\u0131Kolay bak\u0131m & y\u00f6nlendirmeT\u00fcm ata\u015fmanlara uygun yap\u0131D\u00fc\u015f\u00fck titre\u015fim Videoyu \u0130zle Teknik \u00d6zellikler \u00c7al\u0131\u015fma A\u011f\u0131rl\u0131\u011f\u0131690 kgKova Kapasitesi0.016Motor ModeliEuro VNominal G\u00fc\u00e77.0\/3000(kw\/r\/min)Maksimum Ak\u0131\u015f18(L\/min)\u00c7al\u0131\u015fma Bas\u0131nc\u013116(Mpa)Zemin Bas\u0131nc\u013126(kpa)Yak\u0131t Tank\u0131 Kapasitesi6.6(L)Hidrolik Ya\u011f Tank\u0131 Kapasitesi24(L)Y\u00fcr\u00fcy\u00fc\u015f H\u0131z\u01311.3(km\/h)D\u00f6n\u00fc\u015f H\u0131z\u013111.5(r\/min)Maksimum Yoku\u015f Kabiliyeti38%\/18\u00b0Kol Koparma Kuvveti5.6(KN)Kova Koparma kuvveti7.5(KN) Boyutlar (A)Toplam Uzunluk\u00a02725mm(B)\u2026","rel":"","context":"Benzer yaz\u0131","block_context":{"text":"Benzer yaz\u0131","link":""},"img":{"alt_text":"","src":"https:\/\/i0.wp.com\/artimeks.com.tr\/wp-content\/uploads\/2023\/05\/08-1.jpg?fit=960%2C720&ssl=1&resize=350%2C200","width":350,"height":200,"srcset":"https:\/\/i0.wp.com\/artimeks.com.tr\/wp-content\/uploads\/2023\/05\/08-1.jpg?fit=960%2C720&ssl=1&resize=350%2C200 1x, https:\/\/i0.wp.com\/artimeks.com.tr\/wp-content\/uploads\/2023\/05\/08-1.jpg?fit=960%2C720&ssl=1&resize=525%2C300 1.5x, https:\/\/i0.wp.com\/artimeks.com.tr\/wp-content\/uploads\/2023\/05\/08-1.jpg?fit=960%2C720&ssl=1&resize=700%2C400 2x"},"classes":[]},{"id":10906,"url":"https:\/\/artimeks.com.tr\/?page_id=10906","url_meta":{"origin":8461,"position":2},"title":"Mini Ekskavat\u00f6r &#8211; CARTER\u00a0CT 18","author":"artimeks","date":"23 May\u0131s 2023","format":false,"excerpt":"Previous Next CARTER CT 18 Verimli ve g\u00fcvenilir YANMAR motorY\u00fcksek hassasiyetli hava filtresi ve iki a\u015famal\u0131 dizel filtrelemeGeri \u00e7ekilebilir \u015fasi ve katlan\u0131r dozer k\u00fcre\u011fiYumu\u015fak ve y\u00fcksek kaz\u0131 verimlili\u011fiKolay bak\u0131mTOPS & FOPS KabinA\u00e7\u0131l\u0131r kapan\u0131r paletT\u00fcm ata\u015fmanlara uygun yap\u0131D\u00fc\u015f\u00fck titre\u015fim Videoyu \u0130zle Teknik \u00d6zellikler \u00c7al\u0131\u015fma A\u011f\u0131rl\u0131\u011f\u01311940 kgKova Kapasitesi0.04Motor ModeliYANMAR 3TNV70Nominal G\u00fc\u00e710.3\/2200(kw\/r\/min)Maksimum Ak\u0131\u015f39.6L\/min)\u00c7al\u0131\u015fma\u2026","rel":"","context":"Benzer yaz\u0131","block_context":{"text":"Benzer yaz\u0131","link":""},"img":{"alt_text":"","src":"https:\/\/i0.wp.com\/artimeks.com.tr\/wp-content\/uploads\/2023\/05\/08-1.jpg?fit=960%2C720&ssl=1&resize=350%2C200","width":350,"height":200,"srcset":"https:\/\/i0.wp.com\/artimeks.com.tr\/wp-content\/uploads\/2023\/05\/08-1.jpg?fit=960%2C720&ssl=1&resize=350%2C200 1x, https:\/\/i0.wp.com\/artimeks.com.tr\/wp-content\/uploads\/2023\/05\/08-1.jpg?fit=960%2C720&ssl=1&resize=525%2C300 1.5x, https:\/\/i0.wp.com\/artimeks.com.tr\/wp-content\/uploads\/2023\/05\/08-1.jpg?fit=960%2C720&ssl=1&resize=700%2C400 2x"},"classes":[]},{"id":10930,"url":"https:\/\/artimeks.com.tr\/?page_id=10930","url_meta":{"origin":8461,"position":3},"title":"Mini Ekskavat\u00f6r &#8211; CARTER\u00a0CT 26","author":"artimeks","date":"23 May\u0131s 2023","format":false,"excerpt":"Previous Next CARTER CT 26 Verimli ve g\u00fcvenilir YANMAR motorS\u0131f\u0131r kuyrukYumu\u015fak ve y\u00fcksek kaz\u0131 verimlili\u011fiKolay bak\u0131mTOPS & FOPS KabinT\u00fcm ata\u015fmanlara uygun yap\u0131D\u00fc\u015f\u00fck titre\u015fim Videoyu \u0130zle Teknik \u00d6zellikler \u00c7al\u0131\u015fma A\u011f\u0131rl\u0131\u011f\u01312780 kgKova Kapasitesi0.08Motor ModeliYANMAR 3TNV80FNominal G\u00fc\u00e715.2\/2500(kw\/r\/min)Maksimum Ak\u0131\u015f76.8(L\/min)\u00c7al\u0131\u015fma Bas\u0131nc\u013122(Mpa)Zemin Bas\u0131nc\u013131(kpa)Yak\u0131t Tank\u0131 Kapasitesi35(L)Hidrolik Ya\u011f Tank\u0131 Kapasitesi28(L)Y\u00fcr\u00fcy\u00fc\u015f H\u0131z\u01312.4\/4.5(km\/h)D\u00f6n\u00fc\u015f H\u0131z\u013110(r\/min)Maksimum Yoku\u015f Kabiliyeti58%\/30\u00b0Kol Koparma Kuvveti14.8(KN)Kova Koparma Kuvveti24.5(KN)\u2026","rel":"","context":"Benzer yaz\u0131","block_context":{"text":"Benzer yaz\u0131","link":""},"img":{"alt_text":"","src":"https:\/\/i0.wp.com\/artimeks.com.tr\/wp-content\/uploads\/2023\/05\/08-1.jpg?fit=960%2C720&ssl=1&resize=350%2C200","width":350,"height":200,"srcset":"https:\/\/i0.wp.com\/artimeks.com.tr\/wp-content\/uploads\/2023\/05\/08-1.jpg?fit=960%2C720&ssl=1&resize=350%2C200 1x, https:\/\/i0.wp.com\/artimeks.com.tr\/wp-content\/uploads\/2023\/05\/08-1.jpg?fit=960%2C720&ssl=1&resize=525%2C300 1.5x, https:\/\/i0.wp.com\/artimeks.com.tr\/wp-content\/uploads\/2023\/05\/08-1.jpg?fit=960%2C720&ssl=1&resize=700%2C400 2x"},"classes":[]},{"id":11244,"url":"https:\/\/artimeks.com.tr\/?page_id=11244","url_meta":{"origin":8461,"position":4},"title":"Orta Boy Ekskavat\u00f6r &#8211; CT 135","author":"artimeks","date":"24 May\u0131s 2023","format":false,"excerpt":"CARTER CT 135 D\u00fc\u015f\u00fck devirli ve y\u00fcksek torklu verimli CUMMINS motorB\u00fcy\u00fck deplasmanl\u0131 ve y\u00fcksek verimli pompaY\u00fcksek operasyon verimlili\u011fi ve yak\u0131t ekonomisiTOPS & FOPS KabinRahat operat\u00f6r kabiniY\u00fcksek g\u00fc\u00e7l\u00fc so\u011futma ve \u0131s\u0131tma klimalar\u0131 Teknik \u00d6zellikler \u00c7al\u0131\u015fma A\u011f\u0131rl\u0131\u011f\u013113.600 kgKova Kapasitesi0.56Motor ModeliCUMMINS QSF3.8Nominal G\u00fc\u00e786\/2200(kw\/r\/min)Maksimum Ak\u0131\u015f126*2(L\/min)\u00c7al\u0131\u015fma Bas\u0131nc\u013135\/38(Mpa)Zemin Bas\u0131nc\u013138(kpa)Yak\u0131t Tank\u0131 Kapasitesi250(L)Hidrolik Ya\u011f Tank\u0131 Kapasitesi165(L)Y\u00fcr\u00fcy\u00fc\u015f H\u0131z\u01313.3\/5.1(km\/h)D\u00f6n\u00fc\u015f H\u0131z\u013112.5(r\/min)Maksimum\u2026","rel":"","context":"Benzer yaz\u0131","block_context":{"text":"Benzer yaz\u0131","link":""},"img":{"alt_text":"","src":"https:\/\/i0.wp.com\/artimeks.com.tr\/wp-content\/uploads\/2023\/05\/08-1.jpg?fit=960%2C720&ssl=1&resize=350%2C200","width":350,"height":200,"srcset":"https:\/\/i0.wp.com\/artimeks.com.tr\/wp-content\/uploads\/2023\/05\/08-1.jpg?fit=960%2C720&ssl=1&resize=350%2C200 1x, https:\/\/i0.wp.com\/artimeks.com.tr\/wp-content\/uploads\/2023\/05\/08-1.jpg?fit=960%2C720&ssl=1&resize=525%2C300 1.5x, https:\/\/i0.wp.com\/artimeks.com.tr\/wp-content\/uploads\/2023\/05\/08-1.jpg?fit=960%2C720&ssl=1&resize=700%2C400 2x"},"classes":[]},{"id":10884,"url":"https:\/\/artimeks.com.tr\/?page_id=10884","url_meta":{"origin":8461,"position":5},"title":"Mini Ekskavat\u00f6r &#8211; CARTER\u00a0CT 16","author":"artimeks","date":"23 May\u0131s 2023","format":false,"excerpt":"Previous Next CARTER CT 16 Verimli ve g\u00fcvenilir YANMAR motorBasit ve g\u00fcvenilir, d\u00fc\u015f\u00fck yak\u0131t t\u00fcketimi, istikrarl\u0131 \u00e7al\u0131\u015fma ve y\u00fcksek yanma verimlili\u011fiOtomatik engelleme alarm\u0131 i\u015flevine sahip diferansiyel bas\u0131n\u00e7 g\u00f6stergesi ile donat\u0131lm\u0131\u015f hava filtresiDar \u00e7al\u0131\u015fma i\u00e7in uygun SMA II y\u00f6nlendirme bomuKolay bak\u0131m & y\u00f6nlendirmeTOPS & FOPS KabinA\u00e7\u0131l\u0131r kapan\u0131r paletT\u00fcm ata\u015fmanlara uygun yap\u0131D\u00fc\u015f\u00fck\u2026","rel":"","context":"Benzer yaz\u0131","block_context":{"text":"Benzer yaz\u0131","link":""},"img":{"alt_text":"","src":"https:\/\/i0.wp.com\/artimeks.com.tr\/wp-content\/uploads\/2023\/05\/08-1.jpg?fit=960%2C720&ssl=1&resize=350%2C200","width":350,"height":200,"srcset":"https:\/\/i0.wp.com\/artimeks.com.tr\/wp-content\/uploads\/2023\/05\/08-1.jpg?fit=960%2C720&ssl=1&resize=350%2C200 1x, https:\/\/i0.wp.com\/artimeks.com.tr\/wp-content\/uploads\/2023\/05\/08-1.jpg?fit=960%2C720&ssl=1&resize=525%2C300 1.5x, https:\/\/i0.wp.com\/artimeks.com.tr\/wp-content\/uploads\/2023\/05\/08-1.jpg?fit=960%2C720&ssl=1&resize=700%2C400 2x"},"classes":[]}],"_links":{"self":[{"href":"https:\/\/artimeks.com.tr\/index.php?rest_route=\/wp\/v2\/pages\/8461","targetHints":{"allow":["GET"]}}],"collection":[{"href":"https:\/\/artimeks.com.tr\/index.php?rest_route=\/wp\/v2\/pages"}],"about":[{"href":"https:\/\/artimeks.com.tr\/index.php?rest_route=\/wp\/v2\/types\/page"}],"author":[{"embeddable":true,"href":"https:\/\/artimeks.com.tr\/index.php?rest_route=\/wp\/v2\/users\/1"}],"replies":[{"embeddable":true,"href":"https:\/\/artimeks.com.tr\/index.php?rest_route=%2Fwp%2Fv2%2Fcomments&post=8461"}],"version-history":[{"count":44,"href":"https:\/\/artimeks.com.tr\/index.php?rest_route=\/wp\/v2\/pages\/8461\/revisions"}],"predecessor-version":[{"id":12582,"href":"https:\/\/artimeks.com.tr\/index.php?rest_route=\/wp\/v2\/pages\/8461\/revisions\/12582"}],"wp:attachment":[{"href":"https:\/\/artimeks.com.tr\/index.php?rest_route=%2Fwp%2Fv2%2Fmedia&parent=8461"}],"curies":[{"name":"wp","href":"https:\/\/api.w.org\/{rel}","templated":true}]}}